{"id":1002,"date":"2020-11-10T11:15:23","date_gmt":"2020-11-10T11:15:23","guid":{"rendered":"http:\/\/verdefrontiera.it\/vud\/?page_id=1002"},"modified":"2021-12-03T15:28:14","modified_gmt":"2021-12-03T14:28:14","slug":"contatti","status":"publish","type":"page","link":"https:\/\/vud-design.com\/it\/contatti\/","title":{"rendered":"VUD: Laboratorio e Negozio"},"content":{"rendered":"\n<p>Ci trovi in&nbsp;<strong>centro citt\u00e0<\/strong>, a due passi dal mare. Da un lato il negozio, dall\u2019altro la&nbsp;<strong>falegnameria a vista<\/strong>.<\/p>\n\n\n\n<p>Via Diaz 15\/a 34124 Trieste<br>\nOrari: marted\u00ec-sabato 10:00-13:00 | 15:30-19:30<\/p>\n<p class=\"mb-4 pb-2\"><span class=\"icona phone\"><\/span> +39 040 46 12 452<br>\n<span class=\"icona email\"><\/span> <a href=\"mailto:info@vud-design.com\">info@vud-design.com<\/a><\/p>\n\n\n\n<div class=\"wpcf7 no-js\" id=\"wpcf7-f4194-o1\" lang=\"en-US\" dir=\"ltr\" data-wpcf7-id=\"4194\">\n<div class=\"screen-reader-response\"><p role=\"status\" aria-live=\"polite\" aria-atomic=\"true\"><\/p> <ul><\/ul><\/div>\n<form action=\"\/it\/wp-json\/wp\/v2\/pages\/1002#wpcf7-f4194-o1\" method=\"post\" class=\"wpcf7-form init\" aria-label=\"Contact form\" novalidate=\"novalidate\" data-status=\"init\">\n<fieldset class=\"hidden-fields-container\"><input type=\"hidden\" name=\"_wpcf7\" value=\"4194\" \/><input type=\"hidden\" name=\"_wpcf7_version\" value=\"6.1.5\" \/><input type=\"hidden\" name=\"_wpcf7_locale\" value=\"en_US\" \/><input type=\"hidden\" name=\"_wpcf7_unit_tag\" value=\"wpcf7-f4194-o1\" \/><input type=\"hidden\" name=\"_wpcf7_container_post\" value=\"0\" \/><input type=\"hidden\" name=\"_wpcf7_posted_data_hash\" value=\"\" \/>\n<\/fieldset>\n<div class=\"form-group mb-4\">\n\t<p><strong>I tuoi dati *<\/strong>\n\t<\/p>\n\t<div class=\"row\">\n\t\t<div class=\"col-12 col-md-6 mb-3 mb-md-0\">\n\t\t\t<p><label for=\"firstname\" class=\"sr-only\">Nome<\/label><span class=\"wpcf7-form-control-wrap\" data-name=\"firstname\"><input size=\"40\" maxlength=\"400\" class=\"wpcf7-form-control wpcf7-text wpcf7-validates-as-required form-control\" aria-required=\"true\" aria-invalid=\"false\" placeholder=\"Nome\" value=\"\" type=\"text\" name=\"firstname\" \/><\/span>\n\t\t\t<\/p>\n\t\t<\/div>\n\t\t<div class=\"col-12 col-md-6\">\n\t\t\t<p><label for=\"lastname\" class=\"sr-only\">Cognome<\/label><span class=\"wpcf7-form-control-wrap\" data-name=\"lastname\"><input size=\"40\" maxlength=\"400\" class=\"wpcf7-form-control wpcf7-text wpcf7-validates-as-required form-control\" aria-required=\"true\" aria-invalid=\"false\" placeholder=\"Cognome\" value=\"\" type=\"text\" name=\"lastname\" \/><\/span>\n\t\t\t<\/p>\n\t\t<\/div>\n\t<\/div>\n<\/div>\n<div class=\"form-group mb-4\">\n\t<p><label for=\"email\" class=\"font-weight-bold\">Email *<\/label><br \/>\n<span class=\"wpcf7-form-control-wrap\" data-name=\"email\"><input size=\"40\" maxlength=\"400\" class=\"wpcf7-form-control wpcf7-email wpcf7-validates-as-required wpcf7-text wpcf7-validates-as-email form-control\" aria-required=\"true\" aria-invalid=\"false\" value=\"\" type=\"email\" name=\"email\" \/><\/span>\n\t<\/p>\n<\/div>\n<div class=\"form-group mb-4\">\n\t<p><label for=\"message\" class=\"font-weight-bold\">Cosa possiamo fare per te? *<\/label><br \/>\n<span class=\"wpcf7-form-control-wrap\" data-name=\"message\"><textarea cols=\"40\" rows=\"10\" maxlength=\"2000\" class=\"wpcf7-form-control wpcf7-textarea wpcf7-validates-as-required form-control\" aria-required=\"true\" aria-invalid=\"false\" name=\"message\"><\/textarea><\/span>\n\t<\/p>\n<\/div>\n<!--<div class=\"form-check pl-0 mb-4\">\n  <span class=\"wpcf7-form-control-wrap\" data-name=\"subscribe_newsletter\"><span class=\"wpcf7-form-control wpcf7-checkbox\"><span class=\"wpcf7-list-item first last\"><input type=\"checkbox\" name=\"subscribe_newsletter[]\" value=\"Desidero iscrivermi alla newsletter\" \/><span class=\"wpcf7-list-item-label\">Desidero iscrivermi alla newsletter<\/span><\/span><\/span><\/span> \n<\/div>-->\n<div class=\"form-check pl-0 mb-4\">\n\t<p>[mc4wp_checkbox \"Desidero iscrivermi alla newsletter\"]<br \/>\n<input type=\"hidden\" name=\"mc4wp-INTERESTS[5d3c093789]\" value=\"Italia\" \/>\n\t<\/p>\n<\/div>\n<div class=\"form-check pl-0\">\n\t<p><strong>Trattamento dei tuoi dati *<\/strong><br \/>\n<span class=\"wpcf7-form-control-wrap\" data-name=\"AGREE_TO_TERMS\"><span class=\"wpcf7-form-control wpcf7-acceptance\"><span class=\"wpcf7-list-item\"><label><input type=\"checkbox\" name=\"AGREE_TO_TERMS\" value=\"1\" aria-invalid=\"false\" \/><span class=\"wpcf7-list-item-label\">Acconsento al trattamento dei miei dati personali come indicato nell'Informativa Privacy.<\/span><\/label><\/span><\/span><\/span><br \/>\n<a href=\"\/it\/privacy-policy\" target=\"_blank\"><small>Qui trovi la nostra Privacy Policy<\/small><\/a>\n\t<\/p>\n<\/div>\n<p><small class=\"d-block mt-2 mb-3\">I campi contrassegnati dall'asterisco (*) sono obbligatori<\/small>\n<\/p>\n<p><input class=\"wpcf7-form-control wpcf7-submit has-spinner btn btn-primary\" type=\"submit\" value=\"Invia\" \/>\n<\/p><input type='hidden' class='wpcf7-pum' value='{\"closepopup\":false,\"closedelay\":0,\"openpopup\":false,\"openpopup_id\":0}' \/><div class=\"wpcf7-response-output\" aria-hidden=\"true\"><\/div>\n<\/form>\n<\/div>\n\n\n\n\n<h2 class=\"mt-4\">Il nostro quartiere<\/h2>\n<p><strong>Trieste<\/strong> \u00e8 una citt\u00e0 tutta da scoprire, vi consigliamo di passarci qualche giorno!<\/p><p>Il nostro quartiere, in particolare, \u00e8 pieno di posti speciali, magari un po\u2019 nascosti, dal pi\u00f9 tradizionale al pi\u00f9 contemporaneo, per mangiare, fare shopping, fare tardi, dormire e risvegliarsi con una colazione principesca.<\/p><p>Venite a trovarci, siamo a due passi da piazza Unit\u00e0, poi perdetevi per le vie di <strong>Citt\u00e0 Vecchia<\/strong>.<\/p>\n","protected":false},"excerpt":{"rendered":"<p>Ci trovi in&nbsp;centro citt\u00e0, a due passi dal mare. Da un lato il negozio, dall\u2019altro la&nbsp;falegnameria a vista. Via Diaz 15\/a 34124 Trieste Orari: marted\u00ec-sabato 10:00-13:00 | 15:30-19:30 +39 040 46 12 452 info@vud-design.com Il nostro quartiere Trieste \u00e8 una citt\u00e0 tutta da scoprire, vi consigliamo di passarci qualche giorno! Il nostro quartiere, in particolare, [&hellip;]<\/p>\n","protected":false},"author":3,"featured_media":0,"parent":0,"menu_order":0,"comment_status":"closed","ping_status":"closed","template":"page-contacts.php","meta":{"_acf_changed":false,"footnotes":""},"class_list":["post-1002","page","type-page","status-publish","hentry"],"acf":[],"_links":{"self":[{"href":"https:\/\/vud-design.com\/it\/wp-json\/wp\/v2\/pages\/1002","targetHints":{"allow":["GET"]}}],"collection":[{"href":"https:\/\/vud-design.com\/it\/wp-json\/wp\/v2\/pages"}],"about":[{"href":"https:\/\/vud-design.com\/it\/wp-json\/wp\/v2\/types\/page"}],"author":[{"embeddable":true,"href":"https:\/\/vud-design.com\/it\/wp-json\/wp\/v2\/users\/3"}],"replies":[{"embeddable":true,"href":"https:\/\/vud-design.com\/it\/wp-json\/wp\/v2\/comments?post=1002"}],"version-history":[{"count":23,"href":"https:\/\/vud-design.com\/it\/wp-json\/wp\/v2\/pages\/1002\/revisions"}],"predecessor-version":[{"id":4196,"href":"https:\/\/vud-design.com\/it\/wp-json\/wp\/v2\/pages\/1002\/revisions\/4196"}],"wp:attachment":[{"href":"https:\/\/vud-design.com\/it\/wp-json\/wp\/v2\/media?parent=1002"}],"curies":[{"name":"wp","href":"https:\/\/api.w.org\/{rel}","templated":true}]}}