{"id":2352,"date":"2020-11-25T21:30:40","date_gmt":"2020-11-25T20:30:40","guid":{"rendered":"http:\/\/verdefrontiera.it\/vud\/?page_id=2352"},"modified":"2022-11-21T11:13:00","modified_gmt":"2022-11-21T10:13:00","slug":"termini-di-servizio","status":"publish","type":"page","link":"https:\/\/vud-design.com\/it\/termini-di-servizio\/","title":{"rendered":"Termini di Servizio"},"content":{"rendered":"\n<section id=\"block_53e9a9795e47c6dfe583de374454cd44\" class=\"o-section \">\n    <div class=\"container\">\n        <div class=\"row\">\n            <div class=\"col-12\">\n             \n                <h2>Premessa<\/h2>\n            <!-- Layout -> text -->\n<p>Il sito www.vud-design.com \u00e8 un sito di commercio accessibile tramite Internet, aperto a tutti gli utenti di questa rete.<\/p>\n<p>Il sito consente a Vud di offrire articoli (di seguito \u201cprodotti\u201d) in vendita agli utenti Internet che navigano sul sito (di seguito \u201cutenti\u201d). Per l\u2019applicazione del presente documento, si conviene che l\u2019utente e Vud saranno collettivamente indicati come le \u201cparti\u201d e individualmente denominati \u201cla parte\u201d, e che l\u2019utente che ha convalidato un ordine inviando il pagamento verr\u00e0 quindi indicato come \u201cAcquirente\u201d. I diritti e gli obblighi dell\u2019utente si applicano necessariamente all\u2019acquirente.<\/p>\n                \n            <\/div>\n        <\/div>\n        <div class=\"row\">\n\n                        \n        <\/div>\n    <\/div>\n<\/section>\n\n\n<section id=\"block_6fec627d28c3005023667e0631434957\" class=\"o-section \">\n    <div class=\"container\">\n        <div class=\"row\">\n            <div class=\"col-12\">\n             \n                <h2>Articolo 1. Applicazione delle condizioni generali di vendita<\/h2>\n            <!-- Layout -> text -->\n<p>Qualsiasi condizione non conforme alle condizioni generali di vendita di Vud che l\u2019acquirente ha formulato sar\u00e0 respinta a meno che Vud non ne abbia espressamente e per iscritto riconosciuto la loro applicabilit\u00e0. Vud pu\u00f2 modificare le presenti condizioni generali di vendita in qualsiasi momento, fatte salve le modifiche che appaiono sul suo sito. Vud si impegna ad accettare ordini dall\u2019acquirente secondo i termini delle presenti condizioni generali di vendita.<\/p>\n                \n            <\/div>\n        <\/div>\n        <div class=\"row\">\n\n                        \n        <\/div>\n    <\/div>\n<\/section>\n\n\n<section id=\"block_afca32516d97c4e053be2340ffee2821\" class=\"o-section \">\n    <div class=\"container\">\n        <div class=\"row\">\n            <div class=\"col-12\">\n             \n                <h2>Articolo 2. Prodotti<\/h2>\n            <!-- Layout -> text -->\n<p>I prodotti offerti in vendita da Vud sono quelli che compaiono sul sito, il giorno della consultazione del sito da parte dell\u2019utente, nei limiti delle scorte disponibili.<\/p>\n<p>Nel caso dei taglieri, possono non essere pronti in negozio, ma ci impegniamo a realizzarli e spedirli in 7 giorni. Nel caso in cui uno dei prodotti non fosse disponibile, o non avessimo disponibilit\u00e0 dell\u2019essenza scelta per il tagliere, o avessimo qualsiasi altro tipo di impedimento nella produzione, l\u2019acquirente verr\u00e0 tempestivamente informato da Vud tramite e-mail o telefono.<\/p>\n<p>L\u2019acquirente avr\u00e0 la possibilit\u00e0 di scegliere un altro prodotto offerto sul sito o di annullare il suo acquisto. Le fotografie che illustrano i prodotti realizzati da Vud, sono indicative, essendo la texture del legno molto variabile.<\/p>\n                \n            <\/div>\n        <\/div>\n        <div class=\"row\">\n\n                        \n        <\/div>\n    <\/div>\n<\/section>\n\n\n<section id=\"block_76b9dad77d9d240bcd72d7d249fc0ba0\" class=\"o-section \">\n    <div class=\"container\">\n        <div class=\"row\">\n            <div class=\"col-12\">\n             \n                <h2>Articolo 3: prezzo<\/h2>\n            <!-- Layout -> text -->\n<p>I prezzi sono in euro, comprensivi di IVA. Tengono conto di eventuali riduzioni, applicabili il giorno dell\u2019ordine.<\/p>\n<p>I prezzi indicati non tengono conto dei costi di spedizione e di imballaggio che verranno fatturati in aggiunta e saranno specificati all\u2019Utente durante la convalida finale del suo ordine.<\/p>\n                \n            <\/div>\n        <\/div>\n        <div class=\"row\">\n\n                        \n        <\/div>\n    <\/div>\n<\/section>\n\n\n<section id=\"block_e4901f119b341af5b20aec860100887d\" class=\"o-section \">\n    <div class=\"container\">\n        <div class=\"row\">\n            <div class=\"col-12\">\n             \n                <h2>Articolo 4: Registrazione dell\u2019ordine<\/h2>\n            <!-- Layout -> text -->\n<h3>4.1. Navigazione nel sito<\/h3>\n<p>L\u2019Utente pu\u00f2 conoscere i vari prodotti offerti in vendita da Vud sul proprio sito. L\u2019utente pu\u00f2 navigare liberamente nelle varie pagine del sito, senza essere impegnato in un ordine.<\/p>\n<h3>4.2 Registrazione di un ordine<\/h3>\n<p>Confermando l\u2019ordine, l\u2019acquirente accetta tutte le presenti condizioni generali di vendita messe a sua disposizione sul sito, e riconosce di averne piena conoscenza, rinunciando cos\u00ec al diritto di invocare qualsiasi documento contraddittorio, ed in particolare le proprie condizioni.<\/p>\n<p>L\u2019atto di acquisto comporta l\u2019accettazione delle presenti condizioni generali di vendita. Questa conferma e tutti i dati che Vud ha registrato costituiranno prova di queste transazioni.<\/p>\n<p>La descrizione dell\u2019ordine verr\u00e0 inviata tramite e-mail a Vud. I prodotti verranno spediti al ricevimento del pagamento.<\/p>\n                \n            <\/div>\n        <\/div>\n        <div class=\"row\">\n\n                        \n        <\/div>\n    <\/div>\n<\/section>\n\n\n<section id=\"block_3b070bd2fe53a254693f4af8cbfde361\" class=\"o-section \">\n    <div class=\"container\">\n        <div class=\"row\">\n            <div class=\"col-12\">\n             \n                <h2>Articolo 5. Consegna<\/h2>\n            <!-- Layout -> text -->\n<p>Vud far\u00e0 del suo meglio per garantire che l\u2019ordine venga spedito secondo quanto indicato per ogni tipo di prodotto, dal giorno successivo al ricevimento del pagamento.<\/p>\n<p>Salvo diversa disposizione, la consegna viene effettuata all\u2019indirizzo indicato dall\u2019acquirente al momento dell\u2019ordine.<\/p>\n<p>Vud declina ogni responsabilit\u00e0 in caso di tempi di consegna eccessivamente lunghi dovuti ai servizi postali, nonch\u00e9 in caso di smarrimento dei prodotti ordinati o di sciopero. I rischi del trasporto sono a carico dell\u2019acquirente, il quale deve formulare un reclamo motivato ai servizi postali entro tre giorni lavorativi dalla consegna. Inoltre, si specifica che la propriet\u00e0 dei prodotti ordinati non sar\u00e0 trasferita all\u2019acquirente fino al completo pagamento del prezzo fatturato, e questo include le spese di consegna.<\/p>\n<p>Tuttavia, nonostante tutta la cura posta da Vud nella preparazione dei pacchi, potrebbe mancare un articolo. Allo stesso modo, dopo il trasporto del pacco, uno degli articoli potrebbe risultare danneggiato. Per questo motivo, al ricevimento del suo ordine, l\u2019acquirente si assicurer\u00e0 che gli articoli ricevuti siano conformi.<\/p>\n<p>Qualsiasi anomalia riguardante la consegna (oggetto mancante, abbinamento modello \/ colore errato, pacco danneggiato) deve essere tassativamente segnalata, lo stesso giorno del ricevimento o al pi\u00f9 tardi il primo giorno lavorativo successivo al ricevimento, a Vud \u2013 Via Diaz 15\/a, 34 124 Trieste o tramite e-mail a info@vud-design,com.<\/p>\n<p>Qualsiasi reclamo presentato dopo tale termine e Vud sar\u00e0 liberato da ogni responsabilit\u00e0. Vud si riserva il diritto di chiedere all\u2019acquirente la restituzione del prodotto difettoso.<\/p>\n<p>Le spese di restituzione saranno a carico dell\u2019acquirente, a meno che il reso non sia dovuto ad un errore da parte di Vud. Se le condizioni di cui sopra sono soddisfatte, Vud sostituir\u00e0 o rimborser\u00e0 il \/ i prodotto \/ i difettoso \/ i o rispedir\u00e0 il prodotto mancante (soggetto alla validit\u00e0 della richiesta dell\u2019acquirente).<\/p>\n                \n            <\/div>\n        <\/div>\n        <div class=\"row\">\n\n                        \n        <\/div>\n    <\/div>\n<\/section>\n\n\n<section id=\"block_0c4f08c6c7e9c4a6deb24fa7e92f0956\" class=\"o-section \">\n    <div class=\"container\">\n        <div class=\"row\">\n            <div class=\"col-12\">\n             \n                <h2>Articolo 6. Riserva di propriet\u00e0<\/h2>\n            <!-- Layout -> text -->\n<p>I prodotti consegnati rimangono di propriet\u00e0 di Vud fino a quando l\u2019acquirente non abbia adempiuto a tutti i suoi obblighi nei confronti di Vud e in particolare fino al completo pagamento del prezzo, pi\u00f9 gli interessi se applicabili.<\/p>\n<p>Tale riserva di propriet\u00e0 non impedisce il trasferimento dei rischi che saranno a carico dell\u2019acquirente dalla data in cui i prodotti ordinati avranno lasciato i locali di Vud secondo quanto previsto dall\u2019articolo 5.<\/p>\n                \n            <\/div>\n        <\/div>\n        <div class=\"row\">\n\n                        \n        <\/div>\n    <\/div>\n<\/section>\n\n\n<section id=\"block_c151dba5da13fc77c1f8e76d6dac65f5\" class=\"o-section \">\n    <div class=\"container\">\n        <div class=\"row\">\n            <div class=\"col-12\">\n             \n                <h2>Articolo 7. Diritto di recesso<\/h2>\n            <!-- Layout -> text -->\n<p>L\u2019acquirente ha quattordici (14) giorni per restituire il \/ i prodotto \/ i che ha ordinato se non ne \u00e8 completamente soddisfatto. Questo periodo decorre dal giorno di ricezione dell\u2019ordine. Il \/ i prodotto \/ i deve essere restituito nella sua (loro) confezione al seguente indirizzo: Vud \u2013 Via Diaz 15\/a, 34124 TRIESTE.<\/p>\n<p>Qualsiasi reclamo deve essere presentato allo stesso indirizzo. Se le suddette condizioni sono soddisfatte, Vud rimborser\u00e0 l\u2019acquirente, entro trenta (30) giorni dalla data di ricevimento da parte di Vud del pacco, le somme da lui pagate.<\/p>\n<p>Al termine di questo periodo di quattordici (14) giorni, i prodotti consegnati saranno considerati conformi all\u2019ordine dell\u2019acquirente e da lui accettati.<\/p>\n<p>Non accettiamo comunque il reso di taglieri usati, a meno che non abbiano degli evidenti problemi strutturali, per esempio delle crepe lungo le venature.<\/p>\n                \n            <\/div>\n        <\/div>\n        <div class=\"row\">\n\n                        \n        <\/div>\n    <\/div>\n<\/section>\n\n\n<section id=\"block_0238d1896a7fe8c7437a12bc9ef1ef50\" class=\"o-section \">\n    <div class=\"container\">\n        <div class=\"row\">\n            <div class=\"col-12\">\n             \n                <h2>Articolo 8. Pagamento<\/h2>\n            <!-- Layout -> text -->\n<p>L\u2019ordine sar\u00e0 confermato da Vud solo dopo il ricevimento e la verifica del pagamento dell\u2019ordine.<\/p>\n<p>In ogni caso, Vud si riserva il diritto di rifiutare qualsiasi ordine o consegna in caso di controversia con l\u2019acquirente, mancato pagamento totale o parziale di un ordine precedente da parte dell\u2019acquirente.<\/p>\n<p>Nel caso in cui l\u2019acquirente fosse in ritardo con il pagamento del prezzo, Vud avrebbe il diritto di richiedere gli interessi di mora al tasso medio effettivo applicato durante il trimestre precedente dagli istituti di credito per i prestiti al consumo.<\/p>\n                \n            <\/div>\n        <\/div>\n        <div class=\"row\">\n\n                        \n        <\/div>\n    <\/div>\n<\/section>\n\n\n<section id=\"block_d1e413abcce6e6e81707b2819fe8aad8\" class=\"o-section \">\n    <div class=\"container\">\n        <div class=\"row\">\n            <div class=\"col-12\">\n             \n                <h2>Articolo 9. Privacy<\/h2>\n            <!-- Layout -> text -->\n<p>Raccogliere informazioni personali nel contesto della vendita a distanza \u00e8 obbligatorio, essendo queste informazioni necessarie per l\u2019elaborazione e la consegna degli ordini, nonch\u00e9 per la preparazione delle fatture.<\/p>\n<p>Queste informazioni sono strettamente riservate. La mancanza di informazioni implica il rifiuto automatico dell\u2019ordine.<\/p>\n<p>Per conoscere come vengono trattati i dati su questo sito \u00e8 possibile consultare la nostra <a href=\"https:\/\/vud-design.com\/it\/privacy-policy\/\">Privacy Policy<\/a>.<\/p>\n                \n            <\/div>\n        <\/div>\n        <div class=\"row\">\n\n                        \n        <\/div>\n    <\/div>\n<\/section>\n\n\n<section id=\"block_10df0d8973ed9377f81742bc5f193e28\" class=\"o-section \">\n    <div class=\"container\">\n        <div class=\"row\">\n            <div class=\"col-12\">\n             \n                <h2>Articolo 10: disposizioni varie<\/h2>\n            <!-- Layout -> text -->\n<p>Vud non sar\u00e0 responsabile per l\u2019inadempimento totale o parziale dei suoi obblighi ai sensi del presente contratto, se tale inadempimento \u00e8 causato da un evento che costituisce forza maggiore, in particolare in caso di interruzione o sciopero totale o parziale, in particolare di servizi postali e mezzi di trasporto e \/ o comunicazioni, incendi, allagamenti, avarie o guasti di attrezzature, o dovuti ad azioni dell\u2019acquirente.<\/p>\n                \n            <\/div>\n        <\/div>\n        <div class=\"row\">\n\n                        \n        <\/div>\n    <\/div>\n<\/section>","protected":false},"excerpt":{"rendered":"","protected":false},"author":2,"featured_media":0,"parent":0,"menu_order":0,"comment_status":"closed","ping_status":"closed","template":"","meta":{"_acf_changed":false,"footnotes":""},"class_list":["post-2352","page","type-page","status-publish","hentry"],"acf":[],"_links":{"self":[{"href":"https:\/\/vud-design.com\/it\/wp-json\/wp\/v2\/pages\/2352","targetHints":{"allow":["GET"]}}],"collection":[{"href":"https:\/\/vud-design.com\/it\/wp-json\/wp\/v2\/pages"}],"about":[{"href":"https:\/\/vud-design.com\/it\/wp-json\/wp\/v2\/types\/page"}],"author":[{"embeddable":true,"href":"https:\/\/vud-design.com\/it\/wp-json\/wp\/v2\/users\/2"}],"replies":[{"embeddable":true,"href":"https:\/\/vud-design.com\/it\/wp-json\/wp\/v2\/comments?post=2352"}],"version-history":[{"count":9,"href":"https:\/\/vud-design.com\/it\/wp-json\/wp\/v2\/pages\/2352\/revisions"}],"predecessor-version":[{"id":6062,"href":"https:\/\/vud-design.com\/it\/wp-json\/wp\/v2\/pages\/2352\/revisions\/6062"}],"wp:attachment":[{"href":"https:\/\/vud-design.com\/it\/wp-json\/wp\/v2\/media?parent=2352"}],"curies":[{"name":"wp","href":"https:\/\/api.w.org\/{rel}","templated":true}]}}