{"id":3,"date":"2020-11-27T22:37:25","date_gmt":"2020-11-27T21:37:25","guid":{"rendered":"http:\/\/localhost\/testwp\/?page_id=3"},"modified":"2023-01-04T10:18:30","modified_gmt":"2023-01-04T09:18:30","slug":"privacy-policy","status":"publish","type":"page","link":"https:\/\/vud-design.com\/it\/privacy-policy\/","title":{"rendered":"Privacy Policy"},"content":{"rendered":"\n<section id=\"block_8b3d88f13324be7190efc64cd9fe44a6\" class=\"o-section \">\n    <div class=\"container\">\n        <div class=\"row\">\n            <div class=\"col-12\">\n             \n                <h2>I tuoi dati<\/h2>\n            <!-- Layout -> text -->\n<p>I tuoi dati personali saranno trattati manualmente e con mezzi informatici per dare risposta alle tue richieste e alle successive comunicazioni, ai sensi dell\u2019art.13 L.196\/03 e ai sensi dell\u2019art.13 del Regolamento Europeo 679\/16 o GDPR.<\/p>\n<p>Il titolare del trattamento \u00e8:<br \/>\nVUD DESIGN DI FILIPPO MASTINU<br \/>\ninfo@vud-design.com<br \/>\nDa questo punto indicato come VUD Design<\/p>\n<p>Fra i dati raccolti dal sito, in modo autonomo, o tramite terze parti, ci sono: nome, cognome, email, varie tipologie di dati, cookie e dati di utilizzo.<\/p>\n<p>Dettagli completi su ciascuna tipologia di dati raccolti sono forniti nelle sezioni dedicate di questa privacy policy o mediante specifici testi informativi visualizzati prima della raccolta dei dati stessi. I dati personali possono essere liberamente forniti da te o, nel caso di dati di utilizzo, raccolti automaticamente durante la navigazione del sito.<\/p>\n<p>Se non diversamente specificato, tutti i dati richiesti dal sito sono obbligatori. Se ti rifiuti di comunicarli potrebbe essere impossibile fornirti il servizio richiesto. Nei casi in cui indichiamo alcuni dati come facoltativi, sarai libero di astenerti dal comunicarli senza che ci\u00f2 abbia alcuna conseguenza sulla disponibilit\u00e0 del servizio o sulla sua operativit\u00e0.<\/p>\n<p>L\u2019eventuale utilizzo di cookie \u2013 o di altri strumenti di tracciamento \u2013 da parte del sito o dei titolari dei servizi terzi utilizzati dal sito stesso, ove non diversamente precisato, ha la finalit\u00e0 di fornire il servizio richiesto da te, oltre alle altre finalit\u00e0 descritte in questo documento e nella Cookie Policy.<\/p>\n<p>Ti assumi la responsabilit\u00e0 dei dati personali di terzi ottenuti, pubblicati o condivisi mediante questo sito e garantisci di avere il diritto di comunicarli o diffonderli, liberando VUD Design da qualsiasi responsabilit\u00e0 verso terzi.<\/p>\n                \n            <\/div>\n        <\/div>\n        <div class=\"row\">\n\n                        \n        <\/div>\n    <\/div>\n<\/section>\n\n\n<section id=\"block_9d2f0ecae7ba0bf50be47b065cdd1098\" class=\"o-section \">\n    <div class=\"container\">\n        <div class=\"row\">\n            <div class=\"col-12\">\n             \n                <h2>Modalit\u00e0 e luogo del trattamento dei dati raccolti<\/h2>\n            <!-- Layout -> text -->\n<h3>Modalit\u00e0 di trattamento<\/h3>\n<p>VUD Design adotta le opportune misure di sicurezza volte ad impedire l\u2019accesso, la divulgazione, la modifica o la distruzione non autorizzate dei dati personali.<\/p>\n<p>Il trattamento viene effettuato mediante strumenti informatici e\/o telematici, con modalit\u00e0 organizzative e con logiche strettamente correlate alle finalit\u00e0 indicate. Oltre a VUD Design, in alcuni casi, potrebbero avere accesso ai dati altri soggetti coinvolti nell\u2019organizzazione (personale amministrativo, commerciale, marketing, legali, amministratori di sistema) ovvero soggetti esterni (come fornitori di servizi tecnici terzi, corrieri postali, hosting provider, societ\u00e0 informatiche, agenzie di comunicazione) nominati anche, se necessario, Responsabili del Trattamento da parte del Titolare. L\u2019elenco aggiornato dei Responsabili potr\u00e0 sempre essere richiesto.<\/p>\n<h3>Base giuridica del trattamento<\/h3>\n<p>VUD Design tratta tuoi dati personali in caso sussista una delle seguenti condizioni:<\/p>\n<ul>\n<li>hai prestato il consenso per una o pi\u00f9 finalit\u00e0 specifiche;<\/li>\n<li>il trattamento \u00e8 necessario all\u2019esecuzione di un contratto con te e\/o all\u2019esecuzione di misure precontrattuali;<\/li>\n<li>il trattamento \u00e8 necessario per adempiere un obbligo legale al quale \u00e8 soggetto VUD Design;<\/li>\n<li>il trattamento \u00e8 necessario per il perseguimento del legittimo interesse di VUD Design, ad esempio ci riserviamo il diritto di contattarti a seguito dell\u2019acquisto dei nostri prodotti da parte tua<\/li>\n<\/ul>\n<p>E\u2019 comunque sempre possibile richiedere a VUD Design di chiarire la concreta base giuridica di ciascun trattamento ed in particolare di specificare se il trattamento sia basato sulla legge, previsto da un contratto o necessario per concludere un contratto.<\/p>\n<h3>Luogo<\/h3>\n<p>I dati sono trattati presso la nostra sede operativa ed in ogni altro luogo in cui le parti coinvolte nel trattamento siano localizzate. Per ulteriori informazioni, contattaci.<\/p>\n<p>I tuoi dati personali potrebbero essere trasferiti in un paese diverso da quello in cui ti trovi. Per ottenere ulteriori informazioni sul luogo del trattamento puoi fare riferimento alla sezione relativa ai dettagli sul trattamento dei dati personali.<\/p>\n<h3>Periodo di conservazione<\/h3>\n<p>I dati sono trattati e conservati per il tempo richiesto dalle finalit\u00e0 per le quali sono stati raccolti.<\/p>\n<p>Pertanto:<\/p>\n<ul>\n<li>I dati personali raccolti per scopi collegati all\u2019esecuzione di un contratto tra VUD Design e te saranno trattenuti sino a quando sia completata l\u2019esecuzione di tale contratto.<\/li>\n<li>I dati personali raccolti per finalit\u00e0 riconducibili all\u2019interesse legittimo di VUD Design saranno trattenuti sino al soddisfacimento di tale interesse. Puoi ottenere ulteriori informazioni in merito all\u2019interesse legittimo perseguito dal Titolare nelle relative sezioni di questo documento o contattandoci.<\/li>\n<li>Quando il trattamento \u00e8 basato sul tuo consenso, VUD Design pu\u00f2 conservare i dati personali pi\u00f9 a lungo sino a quando il consenso non venga revocato. Inoltre VUD Design potrebbe essere obbligato a conservare i dati personali per un periodo pi\u00f9 lungo in ottemperanza ad un obbligo di legge o per ordine di un\u2019autorit\u00e0.<\/li>\n<\/ul>\n<p>Al termine del periodo di conservazione i dati personali saranno cancellati, pertanto da quel momento il diritto di accesso, cancellazione, rettificazione ed il diritto alla portabilit\u00e0 dei dati non potranno pi\u00f9 essere esercitati.<\/p>\n                \n            <\/div>\n        <\/div>\n        <div class=\"row\">\n\n                        \n        <\/div>\n    <\/div>\n<\/section>\n\n\n<section id=\"block_5ad879a09e5fd93fc819d51e714b2ff3\" class=\"o-section \">\n    <div class=\"container\">\n        <div class=\"row\">\n            <div class=\"col-12\">\n             \n                <h2>Finalit\u00e0 del trattamento dei dati raccolti<\/h2>\n            <!-- Layout -> text -->\n<p>I tuoi dati sono raccolti per consentirci di fornire i Servizi, cos\u00ec come per le seguenti finalit\u00e0: contattarti, interazione con social network, remarketing e behavioral targeting, statistica e visualizzazione di contenuti da piattaforme esterne.<\/p>\n<p>Per ottenere ulteriori informazioni dettagliate sulle finalit\u00e0 del trattamento e sui dati personali concretamente rilevanti per ciascuna finalit\u00e0, puoi fare riferimento alle relative sezioni di questo documento.<\/p>\n                \n            <\/div>\n        <\/div>\n        <div class=\"row\">\n\n                        \n        <\/div>\n    <\/div>\n<\/section>\n\n\n<section id=\"block_f676374eea873c7169cdf413f46da4d3\" class=\"o-section \">\n    <div class=\"container\">\n        <div class=\"row\">\n            <div class=\"col-12\">\n             \n                <h2>Dettagli sul trattamento dei Dati Personali<\/h2>\n            <!-- Layout -> text -->\n<p>I Dati Personali sono raccolti per le seguenti finalit\u00e0 ed utilizzando i seguenti servizi:<\/p>\n<h3>Modulo di contatto (in questo sito)<\/h3>\n<p>Compilando con i tuoi dati il modulo di contatto acconsenti al loro utilizzo per rispondere alle richieste di informazioni, di preventivo, o di qualunque altra natura indicata dall\u2019intestazione del modulo. Dati Personali raccolti: cognome, nome, email, interessi relativi alle attivit\u00e0 di VUD Design.<\/p>\n<h3>Interazione con social network e piattaforme esterne<\/h3>\n<p>Questo tipo di servizi permette di effettuare interazioni con i social network, o con altre piattaforme esterne, direttamente dalle pagine di questo sito.<\/p>\n<p>Le interazioni e le informazioni acquisite da questo sito sono in ogni caso soggette alle tue impostazioni privacy relative ad ogni social network.<\/p>\n<p>Nel caso in cui sia installato un servizio di interazione con i social network \u00e8 possibile che, anche nel caso tu non utilizzi il servizio, lo stesso raccolga dati di traffico relativi alle pagine in cui \u00e8 installato.<\/p>\n<h4>Facebook Remarketing (Facebook, Inc.)<\/h4>\n<p>Facebook Remarketing \u00e8 un servizio di remarketing e behavioral targeting fornito da Facebook, Inc. che collega l\u2019attivit\u00e0 di questo sito con il network di advertising Facebook. Dati Personali raccolti: Cookie e Dati di utilizzo. Luogo del trattamento: USA \u2013 <a href=\"https:\/\/www.facebook.com\/about\/privacy\/\" target=\"_blank\" rel=\"noopener\">Privacy Policy<\/a> \u2013 <a href=\"http:\/\/optout.aboutads.info\/?c=2&amp;lang=EN\" target=\"_blank\" rel=\"noopener\">Opt Out<\/a>.<\/p>\n<h3>Statistica<\/h3>\n<p>I servizi contenuti nella presente sezione permettono a VUD Design di monitorare e analizzare i dati di traffico e servono a tener traccia del comportamento degli utenti.<\/p>\n<h4>Monitoraggio conversioni di Facebook Ads (Facebook, Inc.)<\/h4>\n<p>Il monitoraggio conversioni di Facebook Ads \u00e8 un servizio di statistiche fornito da Facebook, Inc. che collega i dati provenienti dal network di annunci Facebook con le azioni compiute all\u2019interno di questo sito. Dati Personali raccolti: Cookie e Dati di utilizzo. Luogo del trattamento: USA \u2013 <a href=\"https:\/\/www.facebook.com\/about\/privacy\/\" target=\"_blank\" rel=\"noopener\">Privacy Policy<\/a> .<\/p>\n<h4>MATOMO<\/h4>\n<p>Matomo \u00e8 uno strumento di analisi statistiche (www.matomo.org) che ci consente di capire come gli utenti navigano nel nostro sito in modo da poterlo migliorare. Il cookie di Matomo non tratta dati personali essendo configurato in modo da non registrare l\u2019indirizzo IP col quale state navigando.<br \/>\nTuttavia quando visiti il nostro sito, raccogliamo in forma anonima alcune informazioni come il sito di provenienza, la data e la durata della tua visita, informazioni sul dispositivo dal quale stai effettuando la navigazione (risoluzione dello schermo, sistema operativo, tipo di browser\u2026).<\/p>\n<h3>Visualizzazione di contenuti da piattaforme esterne<\/h3>\n<p>Questo tipo di servizi permette di visualizzare contenuti ospitati su piattaforme esterne direttamente dalle pagine di questo sito e di interagire con essi.<\/p>\n<p>Nel caso in cui sia installato un servizio di questo tipo, \u00e8 possibile che, anche nel caso gli Utenti non utilizzino il servizio, lo stesso raccolga dati di traffico relativi alle pagine in cui \u00e8 installato.<\/p>\n<h4>Widget Video YouTube (Google Inc.)<\/h4>\n<p>YouTube \u00e8 un servizio di visualizzazione di contenuti video gestito da Google Inc. che permette a questo sito di integrare tali contenuti all\u2019interno delle proprie pagine. It allows this site to integrate such content within its pages. Dati Personali raccolti: Cookie e Dati di utilizzo. Luogo del trattamento: USA \u2013 <a href=\"https:\/\/policies.google.com\/privacy?hl=en\" target=\"_blank\" rel=\"noopener\">Privacy Policy<\/a>.<\/p>\n<h4>Widget Google Maps (Google Inc.)<\/h4>\n<p>Google Maps \u00e8 un servizio di visualizzazione di mappe gestito da Google Inc. che permette a questa Applicazione di integrare tali contenuti all\u2019interno delle proprie pagine. Dati Personali raccolti: Cookie e Dati di utilizzo. Luogo del trattamento: USA \u2013 <a href=\"https:\/\/policies.google.com\/privacy?hl=en\" target=\"_blank\" rel=\"noopener\">Privacy Policy<\/a>.<\/p>\n                \n            <\/div>\n        <\/div>\n        <div class=\"row\">\n\n                        \n        <\/div>\n    <\/div>\n<\/section>\n\n\n<section id=\"block_5e0e03cd9cd5a85547a0d899f3a0ad26\" class=\"o-section \">\n    <div class=\"container\">\n        <div class=\"row\">\n            <div class=\"col-12\">\n             \n                <h2>Diritti dell\u2019Utente<\/h2>\n            <!-- Layout -> text -->\n<p>Gli Utenti possono esercitare determinati diritti con riferimento ai dati trattati dal Titolare.<\/p>\n<p>In particolare, hai il diritto di:<\/p>\n<ul>\n<li>revocare il consenso in ogni momento. Puoi revocare il consenso al trattamento dei tuoi dati personali precedentemente espresso.<\/li>\n<li>opporti al trattamento dei tuoi dati. Puoi opporti al trattamento dei tuoi dati quando esso avviene su una base giuridica diversa dal consenso. Ulteriori dettagli sul diritto di opposizione sono indicati nella sezione sottostante.<\/li>\n<li>accedere ai tuoi dati. Hai diritto ad ottenere informazioni sui dati trattati da VUD Design, su determinati aspetti del trattamento ed a ricevere una copia dei dati trattati.<\/li>\n<li>verificare e chiedere la rettificazione. Puoi verificare la correttezza dei tuoi dati e richiederne l\u2019aggiornamento o la correzione.<\/li>\n<li>ottenere la limitazione del trattamento. Quando ricorrono determinate condizioni, puoi richiedere la limitazione del trattamento dei tuoi dati. In tal caso VUD Design non tratter\u00e0 i dati per alcun altro scopo se non la loro conservazione.<\/li>\n<li>ottenere la cancellazione o rimozione dei tuoi dati personali. Quando ricorrono determinate condizioni, puoi richiedere la cancellazione dei tuoi dati da parte di VUD Design<\/li>\n<li>ricevere i tuoi dati o farli trasferire ad altro titolare. Hai diritto di ricevere i tuoi dati in formato strutturato, di uso comune e leggibile da dispositivo automatico e, ove tecnicamente fattibile, di ottenerne il trasferimento senza ostacoli ad un altro titolare. Questa disposizione \u00e8 applicabile quando i dati sono trattati con strumenti automatizzati ed il trattamento \u00e8 basato sul tuo consenso, su un contratto di cui sei parte o su misure contrattuali ad esso connesse.<\/li>\n<li>proporre reclamo. Puoi proporre un reclamo all\u2019autorit\u00e0 di controllo della protezione dei dati personali competente o agire in sede giudiziale.<\/li>\n<\/ul>\n<h3>Dettagli sul diritto di opposizione<\/h3>\n<p>Quando i dati personali sono trattati per perseguire un interesse legittimo di VUD Design, hai diritto ad opporti al trattamento per motivi connessi ad una situazione particolare.<\/p>\n<p>Tieni presente che, quando i tuoi dati sono trattati con finalit\u00e0 di marketing diretto, puoi opporti al trattamento senza fornire alcuna motivazione. Per scoprire se VUD Design tratta dati con finalit\u00e0 di marketing diretto puoi fare riferimento alle rispettive sezioni di questo documento.<\/p>\n<h3>Come esercitare i diritti<\/h3>\n<p>Per esercitare i tuoi diritti, puoi indirizzare una richiesta agli estremi di contatto di VUD Design indicati in questo documento. Le richieste verranno evase nel pi\u00f9 breve tempo possibile, in ogni caso entro un mese.<\/p>\n                \n            <\/div>\n        <\/div>\n        <div class=\"row\">\n\n                        \n        <\/div>\n    <\/div>\n<\/section>\n\n\n<section id=\"block_1009217b2fe25e25c7d1928593f62cb5\" class=\"o-section \">\n    <div class=\"container\">\n        <div class=\"row\">\n            <div class=\"col-12\">\n             \n                <h2>Cookie Policy<\/h2>\n            <!-- Layout -> text -->\n<p>Questo sito fa utilizzo di cookie. Per saperne di pi\u00f9 e per prendere visione dell\u2019informativa dettagliata, l\u2019Utente pu\u00f2 consultare la <a href=\"https:\/\/vud-design.com\/it\/cookie-policy\/\">Cookie Policy<\/a>.<\/p>\n                \n            <\/div>\n        <\/div>\n        <div class=\"row\">\n\n                        \n        <\/div>\n    <\/div>\n<\/section>\n\n\n<section id=\"block_fc148fab181c5133c4c9b9d3696a0d9b\" class=\"o-section \">\n    <div class=\"container\">\n        <div class=\"row\">\n            <div class=\"col-12\">\n             \n                <h2>Ulteriori informazioni sul trattamento<\/h2>\n            <!-- Layout -> text -->\n<h3>Difesa in giudizio<\/h3>\n<p>I tuoi dati personali possono essere utilizzati da parte di VUD Design in giudizio o nelle fasi preparatorie alla sua eventuale instaurazione per la difesa da abusi nell\u2019utilizzo di questo sito e o dei servizi connessi da parte dell\u2019Utente.<\/p>\n<p>Dichiari di essere consapevole che VUD Design potrebbe essere obbligata a rivelare i dati per ordine delle autorit\u00e0 pubbliche.<\/p>\n<h3>Informative specifiche<\/h3>\n<p>Su tua richiesta, in aggiunta alle informazioni contenute in questa privacy policy, questo sito potrebbe fornirti delle informative aggiuntive e contestuali riguardanti servizi specifici, o la raccolta ed il trattamento di dati personali.<\/p>\n<h3>Log di sistema e manutenzione<\/h3>\n<p>Per necessit\u00e0 legate al funzionamento ed alla manutenzione, questo sito e gli eventuali servizi terzi da esso utilizzati potrebbero raccogliere log di sistema, ossia file che registrano le interazioni e che possono contenere anche dati personali, quali il tuo indirizzo IP.<\/p>\n<h3>Informazioni non contenute in questa policy<\/h3>\n<p>Ulteriori informazioni in relazione al trattamento dei dati personali potranno essere richieste in qualsiasi momento a VUD Design utilizzando gli estremi di contatto.<\/p>\n<h3>Modifiche a questa privacy policy<\/h3>\n<p>VUD Design si riserva il diritto di apportare modifiche alla presente privacy policy in qualunque momento dandone informazione agli utenti su questa pagina e, se possibile, su questo sito. Si prega dunque di consultare regolarmente questa pagina, facendo riferimento alla data di ultima modifica indicata in fondo.<\/p>\n<p>Qualora le modifiche interessino trattamenti la cui base giuridica \u00e8 il consenso, VUD Design provveder\u00e0 a raccogliere nuovamente il tuo consenso se necessario.<\/p>\n<p>1 dicembre 2020<\/p>\n                \n            <\/div>\n        <\/div>\n        <div class=\"row\">\n\n                        \n        <\/div>\n    <\/div>\n<\/section>","protected":false},"excerpt":{"rendered":"","protected":false},"author":2,"featured_media":0,"parent":0,"menu_order":0,"comment_status":"closed","ping_status":"open","template":"","meta":{"_acf_changed":false,"footnotes":""},"class_list":["post-3","page","type-page","status-publish","hentry"],"acf":[],"_links":{"self":[{"href":"https:\/\/vud-design.com\/it\/wp-json\/wp\/v2\/pages\/3","targetHints":{"allow":["GET"]}}],"collection":[{"href":"https:\/\/vud-design.com\/it\/wp-json\/wp\/v2\/pages"}],"about":[{"href":"https:\/\/vud-design.com\/it\/wp-json\/wp\/v2\/types\/page"}],"author":[{"embeddable":true,"href":"https:\/\/vud-design.com\/it\/wp-json\/wp\/v2\/users\/2"}],"replies":[{"embeddable":true,"href":"https:\/\/vud-design.com\/it\/wp-json\/wp\/v2\/comments?post=3"}],"version-history":[{"count":39,"href":"https:\/\/vud-design.com\/it\/wp-json\/wp\/v2\/pages\/3\/revisions"}],"predecessor-version":[{"id":6661,"href":"https:\/\/vud-design.com\/it\/wp-json\/wp\/v2\/pages\/3\/revisions\/6661"}],"wp:attachment":[{"href":"https:\/\/vud-design.com\/it\/wp-json\/wp\/v2\/media?parent=3"}],"curies":[{"name":"wp","href":"https:\/\/api.w.org\/{rel}","templated":true}]}}