{"id":5882,"date":"2022-11-18T12:30:17","date_gmt":"2022-11-18T11:30:17","guid":{"rendered":"https:\/\/vudtemp.b42.it\/?page_id=5882"},"modified":"2022-11-18T12:35:47","modified_gmt":"2022-11-18T11:35:47","slug":"news","status":"publish","type":"page","link":"https:\/\/vud-design.com\/it\/news\/","title":{"rendered":"News"},"content":{"rendered":"\n<section id=\"block_5010945097f7d1eec65b133d75ab8dbe\" class=\"o-section \">\n    <div class=\"container\">\n        <div class=\"row\">\n            <div class=\"col-12\">\n            <!-- Layout -> text -->\n<p>L\u2019idea \u00e8 quella di tenerti al corrente di ci\u00f2 che accade attorno a noi: nel nostro studio, nella nostra comunit\u00e0 di botteghe artigiane, a Trieste, nel mondo del design e in quello pi\u00f9 artistico.<\/p>\n<p>Piccoli spunti che magari ti possono incuriosire.<\/p>\n                \n            <\/div>\n        <\/div>\n        <div class=\"row\">\n\n                        \n        <\/div>\n    <\/div>\n<\/section>","protected":false},"excerpt":{"rendered":"","protected":false},"author":4,"featured_media":0,"parent":0,"menu_order":0,"comment_status":"closed","ping_status":"closed","template":"","meta":{"_acf_changed":false,"footnotes":""},"class_list":["post-5882","page","type-page","status-publish","hentry"],"acf":[],"_links":{"self":[{"href":"https:\/\/vud-design.com\/it\/wp-json\/wp\/v2\/pages\/5882","targetHints":{"allow":["GET"]}}],"collection":[{"href":"https:\/\/vud-design.com\/it\/wp-json\/wp\/v2\/pages"}],"about":[{"href":"https:\/\/vud-design.com\/it\/wp-json\/wp\/v2\/types\/page"}],"author":[{"embeddable":true,"href":"https:\/\/vud-design.com\/it\/wp-json\/wp\/v2\/users\/4"}],"replies":[{"embeddable":true,"href":"https:\/\/vud-design.com\/it\/wp-json\/wp\/v2\/comments?post=5882"}],"version-history":[{"count":3,"href":"https:\/\/vud-design.com\/it\/wp-json\/wp\/v2\/pages\/5882\/revisions"}],"predecessor-version":[{"id":5886,"href":"https:\/\/vud-design.com\/it\/wp-json\/wp\/v2\/pages\/5882\/revisions\/5886"}],"wp:attachment":[{"href":"https:\/\/vud-design.com\/it\/wp-json\/wp\/v2\/media?parent=5882"}],"curies":[{"name":"wp","href":"https:\/\/api.w.org\/{rel}","templated":true}]}}