{"id":845,"date":"2020-11-10T08:24:26","date_gmt":"2020-11-10T07:24:26","guid":{"rendered":"http:\/\/verdefrontiera.it\/vud\/?page_id=845"},"modified":"2022-11-21T11:57:29","modified_gmt":"2022-11-21T10:57:29","slug":"prodotti-artigianali-su-misura","status":"publish","type":"page","link":"https:\/\/vud-design.com\/it\/prodotti-artigianali-su-misura\/","title":{"rendered":"Vivo, Unico, di Design."},"content":{"rendered":"\n<section id=\"block_1dffe440795d8f757cc7a646064d3962\" class=\"o-section \">\n    <div class=\"container\">\n        <div class=\"row\">\n            <div class=\"col-12\">\n             \n                <h2>Le 3 lettere di Vud che caratterizzano i nostri pezzi unici<\/h2>\n            <!-- Layout -> text -->\n<p>Spazio all\u2019immaginazione: realizziamo il tuo mobile su misura.<\/p>\n<p>Ogni pezzo di VUD \u00e8 realizzato completamente a mano, con tecniche tradizionali. Questo approccio ci offre massima libert\u00e0 per progettare mobili su misura, dai tavoli ai complementi d\u2019arredo.<\/p>\n                \n            <\/div>\n        <\/div>\n        <div class=\"row\">\n\n                        \n        <\/div>\n    <\/div>\n<\/section>\n\n\n<section id=\"block_52f630505380d6b4c0d123f6b77311e2\" class=\"o-section mb-3\">\n    <div class=\"container\">\n        <div class=\"row\">\n            <div class=\"col-12\">\n             \n                <h2>Parti dai nostri modelli<\/h2>\n            <!-- Layout -> text -->\n<p>Hai in mente un\u2019idea per la tua casa? Ti serve un prodotto artigianale particolare per la tua azienda? Vieni in negozio oppure ci contatti e ne parliamo, riflettiamo assieme e poi realizziamo la tua idea. Intanto puoi curiosare tra i modelli VUD gi\u00e0 collaudati.<\/p>\n                \n            <\/div>\n        <\/div>\n        <div class=\"row\">\n\n                        \n        <\/div>\n    <\/div>\n<\/section>\n\n\n<div class=\"wp-block-columns is-layout-flex wp-container-core-columns-is-layout-9d6595d7 wp-block-columns-is-layout-flex\">\n<div class=\"wp-block-column is-layout-flow wp-block-column-is-layout-flow\">\n<section class=\"o-section o-section-fullimage-with-icon position-relative c-bespoke_category\">\n    <img loading=\"lazy\" decoding=\"async\" width=\"1920\" height=\"1920\" src=\"https:\/\/vud-design.com\/wp-content\/uploads\/vud-tavoli-box.jpg\" class=\"attachment-full size-full wp-post-image\" alt=\"\" srcset=\"https:\/\/vud-design.com\/wp-content\/uploads\/vud-tavoli-box.jpg 1920w, https:\/\/vud-design.com\/wp-content\/uploads\/vud-tavoli-box-300x300.jpg 300w, https:\/\/vud-design.com\/wp-content\/uploads\/vud-tavoli-box-100x100.jpg 100w, https:\/\/vud-design.com\/wp-content\/uploads\/vud-tavoli-box-600x600.jpg 600w, https:\/\/vud-design.com\/wp-content\/uploads\/vud-tavoli-box-1024x1024.jpg 1024w, https:\/\/vud-design.com\/wp-content\/uploads\/vud-tavoli-box-150x150.jpg 150w, https:\/\/vud-design.com\/wp-content\/uploads\/vud-tavoli-box-768x768.jpg 768w, https:\/\/vud-design.com\/wp-content\/uploads\/vud-tavoli-box-1536x1536.jpg 1536w, https:\/\/vud-design.com\/wp-content\/uploads\/vud-tavoli-box-576x576.jpg 576w, https:\/\/vud-design.com\/wp-content\/uploads\/vud-tavoli-box-288x288.jpg 288w, https:\/\/vud-design.com\/wp-content\/uploads\/vud-tavoli-box-250x250.jpg 250w\" sizes=\"auto, (max-width: 1920px) 100vw, 1920px\" \/>    <div class=\"o-section_content position-absolute w-100\">\n        <div class=\"container d-flex justify-content-between\">\n                        <a href=\"\/it\/prodotti-artigianali-su-misura\/tavoli\" target=\"_self\" class=\"o-section_title\"> \n                <h2 class=\"bg-black text-white\">Tavoli<\/h2>\n            <\/a>\n                        <a href=\"\/it\/prodotti-artigianali-su-misura\/tavoli\" target=\"_self\" class=\"o-section_circle rounded-circle bg-white text-center\">\n            <img loading=\"lazy\" decoding=\"async\" width=\"150\" height=\"147\" src=\"https:\/\/vud-design.com\/wp-content\/uploads\/table_T3-ass-600.png\" class=\"attachment-thumb size-thumb wp-post-image\" alt=\"\" srcset=\"https:\/\/vud-design.com\/wp-content\/uploads\/table_T3-ass-600.png 397w, https:\/\/vud-design.com\/wp-content\/uploads\/table_T3-ass-600-300x293.png 300w\" sizes=\"auto, (max-width: 150px) 100vw, 150px\" \/>            <\/a>\n        <\/div>\n    <\/div>\n<\/section><\/div>\n\n\n\n<div class=\"wp-block-column is-layout-flow wp-block-column-is-layout-flow\">\n<section class=\"o-section o-section-fullimage-with-icon position-relative c-bespoke_category\">\n    <img loading=\"lazy\" decoding=\"async\" width=\"1920\" height=\"1920\" src=\"https:\/\/vud-design.com\/wp-content\/uploads\/vud-appendiabiti.jpg\" class=\"attachment-full size-full wp-post-image\" alt=\"\" srcset=\"https:\/\/vud-design.com\/wp-content\/uploads\/vud-appendiabiti.jpg 1920w, https:\/\/vud-design.com\/wp-content\/uploads\/vud-appendiabiti-300x300.jpg 300w, https:\/\/vud-design.com\/wp-content\/uploads\/vud-appendiabiti-100x100.jpg 100w, https:\/\/vud-design.com\/wp-content\/uploads\/vud-appendiabiti-600x600.jpg 600w, https:\/\/vud-design.com\/wp-content\/uploads\/vud-appendiabiti-1024x1024.jpg 1024w, https:\/\/vud-design.com\/wp-content\/uploads\/vud-appendiabiti-150x150.jpg 150w, https:\/\/vud-design.com\/wp-content\/uploads\/vud-appendiabiti-768x768.jpg 768w, https:\/\/vud-design.com\/wp-content\/uploads\/vud-appendiabiti-1536x1536.jpg 1536w, https:\/\/vud-design.com\/wp-content\/uploads\/vud-appendiabiti-576x576.jpg 576w, https:\/\/vud-design.com\/wp-content\/uploads\/vud-appendiabiti-288x288.jpg 288w, https:\/\/vud-design.com\/wp-content\/uploads\/vud-appendiabiti-250x250.jpg 250w\" sizes=\"auto, (max-width: 1920px) 100vw, 1920px\" \/>    <div class=\"o-section_content position-absolute w-100\">\n        <div class=\"container d-flex justify-content-between\">\n                        <a href=\"\/it\/prodotti-artigianali-su-misura\/complementi\" target=\"_self\" class=\"o-section_title\"> \n                <h2 class=\"bg-black text-white\">Complementi<\/h2>\n            <\/a>\n                        <a href=\"\/it\/prodotti-artigianali-su-misura\/complementi\" target=\"_self\" class=\"o-section_circle rounded-circle bg-white text-center\">\n            <img loading=\"lazy\" decoding=\"async\" width=\"57\" height=\"150\" src=\"https:\/\/vud-design.com\/wp-content\/uploads\/com_hanger-1.png\" class=\"attachment-thumb size-thumb wp-post-image\" alt=\"\" srcset=\"https:\/\/vud-design.com\/wp-content\/uploads\/com_hanger-1.png 216w, https:\/\/vud-design.com\/wp-content\/uploads\/com_hanger-1-114x300.png 114w\" sizes=\"auto, (max-width: 57px) 100vw, 57px\" \/>            <\/a>\n        <\/div>\n    <\/div>\n<\/section><\/div>\n<\/div>\n\n\n\n<section id=\"block_10d3dda6337a3964926a76f94655832b\" class=\"o-section \">\n    <div class=\"container\">\n        <div class=\"row\">\n            <div class=\"col-12\">\n             \n                <h2>Taglieri su misura<\/h2>\n            <!-- Layout -> text -->\n<p>Anche i taglieri possono essere realizzati su richiesta: possiamo ideare pezzi unici per gli amanti dell\u2019originalit\u00e0 o serie limitate per le aziende che vogliono un prodotto esclusivo e personalizzato. Abbiamo lavorato gi\u00e0 con molte realt\u00e0 nell\u2019ambito della ristorazione. Qualche esempio? Salumare, IT, The Dome, Lemon Iceland, Acqua e Sale, Lo Scalo.<\/p>\n                \n            <\/div>\n        <\/div>\n        <div class=\"row\">\n\n                        \n        <\/div>\n    <\/div>\n<\/section>\n\n\n<section id=\"block_86520c0a1fcb6bf577c78e5a9767368b\" class=\"o-section \">\n    <div class=\"container\">\n        <div class=\"row\">\n            <div class=\"col-12\">\n             \n                <h2>Sei interessato?<\/h2>\n            <!-- Layout -> text -->\n<p>Hai qualche idea che ti piacerebbe approfondire? Scrivici!<\/p>\n<p>Ti risponderemo prima possibile.<\/p>\n\n<div class=\"wpcf7 no-js\" id=\"wpcf7-f4194-o1\" lang=\"en-US\" dir=\"ltr\" data-wpcf7-id=\"4194\">\n<div class=\"screen-reader-response\"><p role=\"status\" aria-live=\"polite\" aria-atomic=\"true\"><\/p> <ul><\/ul><\/div>\n<form action=\"\/it\/wp-json\/wp\/v2\/pages\/845#wpcf7-f4194-o1\" method=\"post\" class=\"wpcf7-form init\" aria-label=\"Contact form\" novalidate=\"novalidate\" data-status=\"init\">\n<fieldset class=\"hidden-fields-container\"><input type=\"hidden\" name=\"_wpcf7\" value=\"4194\" \/><input type=\"hidden\" name=\"_wpcf7_version\" value=\"6.1.5\" \/><input type=\"hidden\" name=\"_wpcf7_locale\" value=\"en_US\" \/><input type=\"hidden\" name=\"_wpcf7_unit_tag\" value=\"wpcf7-f4194-o1\" \/><input type=\"hidden\" name=\"_wpcf7_container_post\" value=\"0\" \/><input type=\"hidden\" name=\"_wpcf7_posted_data_hash\" value=\"\" \/>\n<\/fieldset>\n<div class=\"form-group mb-4\">\n\t<p><strong>I tuoi dati *<\/strong>\n\t<\/p>\n\t<div class=\"row\">\n\t\t<div class=\"col-12 col-md-6 mb-3 mb-md-0\">\n\t\t\t<p><label for=\"firstname\" class=\"sr-only\">Nome<\/label><span class=\"wpcf7-form-control-wrap\" data-name=\"firstname\"><input size=\"40\" maxlength=\"400\" class=\"wpcf7-form-control wpcf7-text wpcf7-validates-as-required form-control\" aria-required=\"true\" aria-invalid=\"false\" placeholder=\"Nome\" value=\"\" type=\"text\" name=\"firstname\" \/><\/span>\n\t\t\t<\/p>\n\t\t<\/div>\n\t\t<div class=\"col-12 col-md-6\">\n\t\t\t<p><label for=\"lastname\" class=\"sr-only\">Cognome<\/label><span class=\"wpcf7-form-control-wrap\" data-name=\"lastname\"><input size=\"40\" maxlength=\"400\" class=\"wpcf7-form-control wpcf7-text wpcf7-validates-as-required form-control\" aria-required=\"true\" aria-invalid=\"false\" placeholder=\"Cognome\" value=\"\" type=\"text\" name=\"lastname\" \/><\/span>\n\t\t\t<\/p>\n\t\t<\/div>\n\t<\/div>\n<\/div>\n<div class=\"form-group mb-4\">\n\t<p><label for=\"email\" class=\"font-weight-bold\">Email *<\/label><br \/>\n<span class=\"wpcf7-form-control-wrap\" data-name=\"email\"><input size=\"40\" maxlength=\"400\" class=\"wpcf7-form-control wpcf7-email wpcf7-validates-as-required wpcf7-text wpcf7-validates-as-email form-control\" aria-required=\"true\" aria-invalid=\"false\" value=\"\" type=\"email\" name=\"email\" \/><\/span>\n\t<\/p>\n<\/div>\n<div class=\"form-group mb-4\">\n\t<p><label for=\"message\" class=\"font-weight-bold\">Cosa possiamo fare per te? *<\/label><br \/>\n<span class=\"wpcf7-form-control-wrap\" data-name=\"message\"><textarea cols=\"40\" rows=\"10\" maxlength=\"2000\" class=\"wpcf7-form-control wpcf7-textarea wpcf7-validates-as-required form-control\" aria-required=\"true\" aria-invalid=\"false\" name=\"message\"><\/textarea><\/span>\n\t<\/p>\n<\/div>\n<!--<div class=\"form-check pl-0 mb-4\">\n  <span class=\"wpcf7-form-control-wrap\" data-name=\"subscribe_newsletter\"><span class=\"wpcf7-form-control wpcf7-checkbox\"><span class=\"wpcf7-list-item first last\"><input type=\"checkbox\" name=\"subscribe_newsletter[]\" value=\"Desidero iscrivermi alla newsletter\" \/><span class=\"wpcf7-list-item-label\">Desidero iscrivermi alla newsletter<\/span><\/span><\/span><\/span> \n<\/div>-->\n<div class=\"form-check pl-0 mb-4\">\n\t<p>[mc4wp_checkbox &#8220;Desidero iscrivermi alla newsletter&#8221;]<br \/>\n<input type=\"hidden\" name=\"mc4wp-INTERESTS[5d3c093789]\" value=\"Italia\" \/>\n\t<\/p>\n<\/div>\n<div class=\"form-check pl-0\">\n\t<p><strong>Trattamento dei tuoi dati *<\/strong><br \/>\n<span class=\"wpcf7-form-control-wrap\" data-name=\"AGREE_TO_TERMS\"><span class=\"wpcf7-form-control wpcf7-acceptance\"><span class=\"wpcf7-list-item\"><label><input type=\"checkbox\" name=\"AGREE_TO_TERMS\" value=\"1\" aria-invalid=\"false\" \/><span class=\"wpcf7-list-item-label\">Acconsento al trattamento dei miei dati personali come indicato nell&#8217;Informativa Privacy.<\/span><\/label><\/span><\/span><\/span><br \/>\n<a href=\"\/it\/privacy-policy\" target=\"_blank\"><small>Qui trovi la nostra Privacy Policy<\/small><\/a>\n\t<\/p>\n<\/div>\n<p><small class=\"d-block mt-2 mb-3\">I campi contrassegnati dall&#8217;asterisco (*) sono obbligatori<\/small>\n<\/p>\n<p><input class=\"wpcf7-form-control wpcf7-submit has-spinner btn btn-primary\" type=\"submit\" value=\"Invia\" \/>\n<\/p><input type='hidden' class='wpcf7-pum' value='{\"closepopup\":false,\"closedelay\":0,\"openpopup\":false,\"openpopup_id\":0}' \/><div class=\"wpcf7-response-output\" aria-hidden=\"true\"><\/div>\n<\/form>\n<\/div>\n\n                \n            <\/div>\n        <\/div>\n        <div class=\"row\">\n\n                        \n        <\/div>\n    <\/div>\n<\/section>","protected":false},"excerpt":{"rendered":"","protected":false},"author":3,"featured_media":0,"parent":0,"menu_order":0,"comment_status":"closed","ping_status":"closed","template":"","meta":{"_acf_changed":false,"footnotes":""},"class_list":["post-845","page","type-page","status-publish","hentry"],"acf":[],"_links":{"self":[{"href":"https:\/\/vud-design.com\/it\/wp-json\/wp\/v2\/pages\/845","targetHints":{"allow":["GET"]}}],"collection":[{"href":"https:\/\/vud-design.com\/it\/wp-json\/wp\/v2\/pages"}],"about":[{"href":"https:\/\/vud-design.com\/it\/wp-json\/wp\/v2\/types\/page"}],"author":[{"embeddable":true,"href":"https:\/\/vud-design.com\/it\/wp-json\/wp\/v2\/users\/3"}],"replies":[{"embeddable":true,"href":"https:\/\/vud-design.com\/it\/wp-json\/wp\/v2\/comments?post=845"}],"version-history":[{"count":38,"href":"https:\/\/vud-design.com\/it\/wp-json\/wp\/v2\/pages\/845\/revisions"}],"predecessor-version":[{"id":10372,"href":"https:\/\/vud-design.com\/it\/wp-json\/wp\/v2\/pages\/845\/revisions\/10372"}],"wp:attachment":[{"href":"https:\/\/vud-design.com\/it\/wp-json\/wp\/v2\/media?parent=845"}],"curies":[{"name":"wp","href":"https:\/\/api.w.org\/{rel}","templated":true}]}}