{"id":889,"date":"2020-11-10T08:51:39","date_gmt":"2020-11-10T07:51:39","guid":{"rendered":"http:\/\/verdefrontiera.it\/vud\/?page_id=889"},"modified":"2023-01-19T11:14:06","modified_gmt":"2023-01-19T10:14:06","slug":"tavolo-t1","status":"publish","type":"page","link":"https:\/\/vud-design.com\/it\/prodotti-artigianali-su-misura\/tavoli\/tavolo-t1\/","title":{"rendered":"Tavolo T1"},"content":{"rendered":"\n<section id=\"block_ca8efc380a0e3e6b4f332a6609cf6026\" class=\"o-section \">\n    <div class=\"container\">\n        <div class=\"row\">\n            <div class=\"col-12\">\n            <!-- Layout -> text -->\n<p>Il primo nato tra i nostri tavoli. Tutti i lati sono affusolati, gli angoli arrotondati.<\/p>\n                \n            <\/div>\n        <\/div>\n        <div class=\"row\">\n\n                        \n        <\/div>\n    <\/div>\n<\/section>\n\n\n<section id=\"block_6c6d5c9f0711fef6e63fc9effa21403c\" class=\"o-section \">\n    <div class=\"container\">\n        <div class=\"row\">\n            <div class=\"col-12\">\n             \n                <h2>Misure<\/h2>\n            <!-- Layout -> text -->\n<p>larghezza: da 60 a 240 cm<br \/>\nlunghezza: da 60 a 300 cm<\/p>\n<hr>\n<h3>Come trattiamo i nostri tavoli<\/h3>\n<p>Per tutti i nostri tavoli abbiamo <strong>tre tipi di finiture<\/strong>:<\/p>\n<ul>\n<li>vernice all\u2019acqua <\/li>\n<li>vernice poliuretanica <\/li>\n<li>olio<\/li>\n<\/ul>\n<p>Tutte hanno un aspetto opaco, la differenza sta nella manutenzione. Anche se \u00e8 sempre meglio evitare il ristagno di liquidi sulla superficie, la vernice poliuretanica chiude completamente i pori, quindi non dovrai preoccuparti troppo di eventuali macchie. La vernice all\u2019acqua lascia \u201crespirare\u201d il legno, quindi \u00e8 possibile che qualche liquido superi lo strato protettivo. La finitura pi\u00f9 naturale, che esalta la bellezza del legno massello, \u00e8 quella ad olio. Dovrai per\u00f2 avere cura di oliare il tuo tavolo di tanto in tanto.<\/p>\n<hr>\n                \n            <\/div>\n        <\/div>\n        <div class=\"row\">\n\n                        \n        <\/div>\n    <\/div>\n<\/section>","protected":false},"excerpt":{"rendered":"","protected":false},"author":3,"featured_media":1527,"parent":875,"menu_order":0,"comment_status":"closed","ping_status":"closed","template":"page-bespoke-product.php","meta":{"_acf_changed":false,"footnotes":""},"class_list":["post-889","page","type-page","status-publish","has-post-thumbnail","hentry"],"acf":[],"_links":{"self":[{"href":"https:\/\/vud-design.com\/it\/wp-json\/wp\/v2\/pages\/889","targetHints":{"allow":["GET"]}}],"collection":[{"href":"https:\/\/vud-design.com\/it\/wp-json\/wp\/v2\/pages"}],"about":[{"href":"https:\/\/vud-design.com\/it\/wp-json\/wp\/v2\/types\/page"}],"author":[{"embeddable":true,"href":"https:\/\/vud-design.com\/it\/wp-json\/wp\/v2\/users\/3"}],"replies":[{"embeddable":true,"href":"https:\/\/vud-design.com\/it\/wp-json\/wp\/v2\/comments?post=889"}],"version-history":[{"count":17,"href":"https:\/\/vud-design.com\/it\/wp-json\/wp\/v2\/pages\/889\/revisions"}],"predecessor-version":[{"id":6929,"href":"https:\/\/vud-design.com\/it\/wp-json\/wp\/v2\/pages\/889\/revisions\/6929"}],"up":[{"embeddable":true,"href":"https:\/\/vud-design.com\/it\/wp-json\/wp\/v2\/pages\/875"}],"wp:featuredmedia":[{"embeddable":true,"href":"https:\/\/vud-design.com\/it\/wp-json\/wp\/v2\/media\/1527"}],"wp:attachment":[{"href":"https:\/\/vud-design.com\/it\/wp-json\/wp\/v2\/media?parent=889"}],"curies":[{"name":"wp","href":"https:\/\/api.w.org\/{rel}","templated":true}]}}