{"id":932,"date":"2020-11-10T08:47:06","date_gmt":"2020-11-10T07:47:06","guid":{"rendered":"http:\/\/verdefrontiera.it\/vud\/?page_id=932"},"modified":"2022-11-22T09:26:27","modified_gmt":"2022-11-22T08:26:27","slug":"scrivania","status":"publish","type":"page","link":"https:\/\/vud-design.com\/it\/prodotti-artigianali-su-misura\/complementi\/scrivania\/","title":{"rendered":"Scrivania"},"content":{"rendered":"\n<section id=\"block_d85c28966b720faf262439190bb9c842\" class=\"o-section \">\n    <div class=\"container\">\n        <div class=\"row\">\n            <div class=\"col-12\">\n             \n                <h2>Scrivania e libreria in legno massello su misura<\/h2>\n            <!-- Layout -> text -->\n<p>Scrivania + libreria. Quando c\u2019\u00e8 bisogno di un angolo tutto per s\u00e9, perfetta per concentrarsi sui compiti! Configurabile con pi\u00f9 mensole.<\/p>\n<p>Modulare e personalizzabile, la scrivania di vud fa parte sempre della linea di complementi d\u2019arredo che sviluppano l\u2019idea della scala a pioli fissata a muro in soli due punti e che scarica a terra il peso.<\/p>\n<p>I moduli sono fissati alle aste con delle grandi viti in ottone.<\/p>\n<p>Questo il concetto iniziale che poi si trasforma in tantissime soluzioni eleganti, pratiche ed essenziali. Ascoltiamo le tue esigenze e le tue disponibilit\u00e0 di spazio, poi giochiamo con i volumi per proporti un mobile personalizzato e originale.<\/p>\n                \n            <\/div>\n        <\/div>\n        <div class=\"row\">\n\n                        \n        <\/div>\n    <\/div>\n<\/section>\n\n\n<section id=\"block_72cefc75b22ee227404ad56963485b89\" class=\"o-section \">\n    <div class=\"container\">\n        <div class=\"row\">\n            <div class=\"col-12\">\n             \n                <h2>Misure<\/h2>\n            <!-- Layout -> text -->\n<p>Partiamo da alcune misure standard con moduli da 100-70-50 e 40 cm ma \u00e8 tutto adattabile alle tue esigenze. Alla fine scegliamo le misure assieme in base alle tue necessit\u00e0<\/p>\n                \n            <\/div>\n        <\/div>\n        <div class=\"row\">\n\n                        \n        <\/div>\n    <\/div>\n<\/section>","protected":false},"excerpt":{"rendered":"","protected":false},"author":3,"featured_media":0,"parent":907,"menu_order":0,"comment_status":"closed","ping_status":"closed","template":"page-bespoke-product.php","meta":{"_acf_changed":false,"footnotes":""},"class_list":["post-932","page","type-page","status-publish","hentry"],"acf":[],"_links":{"self":[{"href":"https:\/\/vud-design.com\/it\/wp-json\/wp\/v2\/pages\/932","targetHints":{"allow":["GET"]}}],"collection":[{"href":"https:\/\/vud-design.com\/it\/wp-json\/wp\/v2\/pages"}],"about":[{"href":"https:\/\/vud-design.com\/it\/wp-json\/wp\/v2\/types\/page"}],"author":[{"embeddable":true,"href":"https:\/\/vud-design.com\/it\/wp-json\/wp\/v2\/users\/3"}],"replies":[{"embeddable":true,"href":"https:\/\/vud-design.com\/it\/wp-json\/wp\/v2\/comments?post=932"}],"version-history":[{"count":8,"href":"https:\/\/vud-design.com\/it\/wp-json\/wp\/v2\/pages\/932\/revisions"}],"predecessor-version":[{"id":6100,"href":"https:\/\/vud-design.com\/it\/wp-json\/wp\/v2\/pages\/932\/revisions\/6100"}],"up":[{"embeddable":true,"href":"https:\/\/vud-design.com\/it\/wp-json\/wp\/v2\/pages\/907"}],"wp:attachment":[{"href":"https:\/\/vud-design.com\/it\/wp-json\/wp\/v2\/media?parent=932"}],"curies":[{"name":"wp","href":"https:\/\/api.w.org\/{rel}","templated":true}]}}