{"id":10028,"date":"2024-12-03T10:44:47","date_gmt":"2024-12-03T09:44:47","guid":{"rendered":"https:\/\/vud-design.com\/?post_type=product&#038;p=10028"},"modified":"2024-12-03T10:45:34","modified_gmt":"2024-12-03T09:45:34","slug":"set-regalo-panni-multiuso","status":"publish","type":"product","link":"https:\/\/vud-design.com\/it\/shop\/vud-loves\/fatto-in-giappone\/set-regalo-panni-multiuso\/","title":{"rendered":"Set regalo panni multiuso"},"content":{"rendered":"<p><strong>Misure:<\/strong> 30&#215;30 cm<\/p>\n<p><strong>Materiale:<\/strong> 50% cotone, 50% rayon<\/p>\n","protected":false},"excerpt":{"rendered":"<p>Un piccolo gesto d&#8217;affetto per esprimere la vostra gratitudine quotidiana. Si tratta di un panno in tessuto zanzariera di alta qualit\u00e0 prodotto in Giappone. Pu\u00f2 essere utilizzato in vari modi, come asciugamano, per asciugare le verdure, o come strofinaccio. Una volta logoro (ma ci vuole tempo!), pu\u00f2 essere utilizzato come panno da cucina o panno per la polvere. Prodotto da una delle ultime fabbriche di zanzariere (kaya) del Giappone. Prima di iniziare a usarlo, lavalo con aqua tiepida, \u00e8 stato inamidato per facilitare la cucitura, si ammorbidir\u00e0 in modo sorprendente.<br \/>\nLa consistenza \u00e8 morbida, soffice ed elastica. L&#8217;assorbimento dell&#8217;acqua \u00e8 eccellente (1,3 volte quello del cotone), l&#8217;asciugatura \u00e8 rapidissima.<br \/>\nOgni tessuto \u00e8 impreziosito da diversi nodi decorativi. Su ognuno di essi \u00e8 riportato un messaggio di buon auspicio. Vi divertirete a interpretarlo insieme!<\/p>\n","protected":false},"featured_media":9983,"template":"","meta":{"_acf_changed":false},"product_brand":[],"product_cat":[2420],"product_tag":[],"class_list":{"0":"post-10028","1":"product","2":"type-product","3":"status-publish","4":"has-post-thumbnail","6":"product_cat-fatto-in-giappone","8":"first","9":"instock","10":"taxable","11":"shipping-taxable","12":"purchasable","13":"product-type-simple"},"acf":[],"_links":{"self":[{"href":"https:\/\/vud-design.com\/it\/wp-json\/wp\/v2\/product\/10028","targetHints":{"allow":["GET"]}}],"collection":[{"href":"https:\/\/vud-design.com\/it\/wp-json\/wp\/v2\/product"}],"about":[{"href":"https:\/\/vud-design.com\/it\/wp-json\/wp\/v2\/types\/product"}],"wp:featuredmedia":[{"embeddable":true,"href":"https:\/\/vud-design.com\/it\/wp-json\/wp\/v2\/media\/9983"}],"wp:attachment":[{"href":"https:\/\/vud-design.com\/it\/wp-json\/wp\/v2\/media?parent=10028"}],"wp:term":[{"taxonomy":"product_brand","embeddable":true,"href":"https:\/\/vud-design.com\/it\/wp-json\/wp\/v2\/product_brand?post=10028"},{"taxonomy":"product_cat","embeddable":true,"href":"https:\/\/vud-design.com\/it\/wp-json\/wp\/v2\/product_cat?post=10028"},{"taxonomy":"product_tag","embeddable":true,"href":"https:\/\/vud-design.com\/it\/wp-json\/wp\/v2\/product_tag?post=10028"}],"curies":[{"name":"wp","href":"https:\/\/api.w.org\/{rel}","templated":true}]}}