{"id":10031,"date":"2024-12-03T10:44:47","date_gmt":"2024-12-03T09:44:47","guid":{"rendered":"https:\/\/vud-design.com\/?post_type=product&#038;p=10031"},"modified":"2024-12-09T11:14:28","modified_gmt":"2024-12-09T10:14:28","slug":"panno-in-tessuto-kaya","status":"publish","type":"product","link":"https:\/\/vud-design.com\/it\/shop\/vud-loves\/fatto-in-giappone\/panno-in-tessuto-kaya\/","title":{"rendered":"Panno in tessuto Kaya"},"content":{"rendered":"<p><strong>Ricamo: <\/strong>pentola di terracotta, Fuji, \u00a0utensili, cesto di riso, ciotola laccata<\/p>\n<p><strong>Misure:<\/strong> 30&#215;30 cm<\/p>\n<p><strong>Materiale:<\/strong> 50% cotton, 50% rayon<\/p>\n","protected":false},"excerpt":{"rendered":"<p>Prodotto da una delle ultime fabbriche di zanzariere (kaya) del Giappone. Il \u201cpanno kaya\u201d, ricamato e stampato nella prefettura di Wakayama, ha la densit\u00e0 di una zanzariera accuratamente tessuta nella prefettura di Nara. Pu\u00f2 essere utilizzato in vari modi, come asciugamano, per asciugare la verdura o come strofinaccio.<br \/>\nPrima di iniziare a usarla, \u00e8 stata inamidata in modo da renderla rigida per la cucitura, ma se la si lava con acqua tiepida, si ammorbidisce sorprendentemente.<br \/>\nLa consistenza \u00e8 morbida, soffice ed elastica. L&#8217;assorbimento dell&#8217;acqua \u00e8 eccellente (1,3 volte quello del cotone), l&#8217;asciugatura \u00e8 rapidissima.<\/p>\n","protected":false},"featured_media":10021,"template":"","meta":{"_acf_changed":false},"product_brand":[],"product_cat":[2420],"product_tag":[],"class_list":{"0":"post-10031","1":"product","2":"type-product","3":"status-publish","4":"has-post-thumbnail","6":"product_cat-fatto-in-giappone","8":"first","9":"instock","10":"taxable","11":"shipping-taxable","12":"purchasable","13":"product-type-variable","14":"has-default-attributes","15":"rtwpvg-product","16":"rtwpvs-product"},"acf":[],"_links":{"self":[{"href":"https:\/\/vud-design.com\/it\/wp-json\/wp\/v2\/product\/10031","targetHints":{"allow":["GET"]}}],"collection":[{"href":"https:\/\/vud-design.com\/it\/wp-json\/wp\/v2\/product"}],"about":[{"href":"https:\/\/vud-design.com\/it\/wp-json\/wp\/v2\/types\/product"}],"wp:featuredmedia":[{"embeddable":true,"href":"https:\/\/vud-design.com\/it\/wp-json\/wp\/v2\/media\/10021"}],"wp:attachment":[{"href":"https:\/\/vud-design.com\/it\/wp-json\/wp\/v2\/media?parent=10031"}],"wp:term":[{"taxonomy":"product_brand","embeddable":true,"href":"https:\/\/vud-design.com\/it\/wp-json\/wp\/v2\/product_brand?post=10031"},{"taxonomy":"product_cat","embeddable":true,"href":"https:\/\/vud-design.com\/it\/wp-json\/wp\/v2\/product_cat?post=10031"},{"taxonomy":"product_tag","embeddable":true,"href":"https:\/\/vud-design.com\/it\/wp-json\/wp\/v2\/product_tag?post=10031"}],"curies":[{"name":"wp","href":"https:\/\/api.w.org\/{rel}","templated":true}]}}