{"id":1013,"date":"2020-11-18T17:09:53","date_gmt":"2020-11-18T16:09:53","guid":{"rendered":"http:\/\/verdefrontiera.it\/vud\/?post_type=product&#038;p=1013"},"modified":"2023-02-09T14:45:21","modified_gmt":"2023-02-09T13:45:21","slug":"t-lab-riccio-pole-pole","status":"publish","type":"product","link":"https:\/\/vud-design.com\/it\/shop\/vud-loves\/tlab\/t-lab-riccio-pole-pole\/","title":{"rendered":"Riccio Pole Pole"},"content":{"rendered":"<p>Materiali: Albizia falcata, pittura ad acqua<br \/>\nDimensioni: 4,8 x 3,5 x H.3,6 cm circa<br \/>\nProvenienza: Bali, Indonesia<\/p>\n","protected":false},"excerpt":{"rendered":"<p>Uno dei pezzi Pole Pole in cui \u00e8 pi\u00f9 evidente la maestria di chi li realizza. Ogni aculeo \u00e8 disegnato a pennello!<\/p>\n","protected":false},"featured_media":1159,"template":"","meta":{"_acf_changed":false},"product_brand":[],"product_cat":[374],"product_tag":[],"class_list":{"0":"post-1013","1":"product","2":"type-product","3":"status-publish","4":"has-post-thumbnail","6":"product_cat-tlab","8":"first","9":"outofstock","10":"taxable","11":"shipping-taxable","12":"purchasable","13":"product-type-simple"},"acf":[],"_links":{"self":[{"href":"https:\/\/vud-design.com\/it\/wp-json\/wp\/v2\/product\/1013","targetHints":{"allow":["GET"]}}],"collection":[{"href":"https:\/\/vud-design.com\/it\/wp-json\/wp\/v2\/product"}],"about":[{"href":"https:\/\/vud-design.com\/it\/wp-json\/wp\/v2\/types\/product"}],"wp:featuredmedia":[{"embeddable":true,"href":"https:\/\/vud-design.com\/it\/wp-json\/wp\/v2\/media\/1159"}],"wp:attachment":[{"href":"https:\/\/vud-design.com\/it\/wp-json\/wp\/v2\/media?parent=1013"}],"wp:term":[{"taxonomy":"product_brand","embeddable":true,"href":"https:\/\/vud-design.com\/it\/wp-json\/wp\/v2\/product_brand?post=1013"},{"taxonomy":"product_cat","embeddable":true,"href":"https:\/\/vud-design.com\/it\/wp-json\/wp\/v2\/product_cat?post=1013"},{"taxonomy":"product_tag","embeddable":true,"href":"https:\/\/vud-design.com\/it\/wp-json\/wp\/v2\/product_tag?post=1013"}],"curies":[{"name":"wp","href":"https:\/\/api.w.org\/{rel}","templated":true}]}}