{"id":10198,"date":"2024-12-16T16:18:22","date_gmt":"2024-12-16T15:18:22","guid":{"rendered":"https:\/\/vud-design.com\/?post_type=product&#038;p=10198"},"modified":"2024-12-16T16:39:43","modified_gmt":"2024-12-16T15:39:43","slug":"vintage-sosaku-kokeshi-di-watanabe-masao-30-cm","status":"publish","type":"product","link":"https:\/\/vud-design.com\/it\/shop\/vud-loves\/kokeshi\/vintage-sosaku-kokeshi-di-watanabe-masao-30-cm\/","title":{"rendered":"Vintage sosaku Kokeshi di Watanabe Masao 30 cm"},"content":{"rendered":"<p><strong>Misure:<\/strong> \u2205 11 cm, h 30 cm<\/p>\n<p><strong>Legno:<\/strong> acero<\/p>\n","protected":false},"excerpt":{"rendered":"<p>Questa kokeshi \u00e8 della serie &#8220;Bambina bocciolo di ciliegio&#8221; del famoso maestro Watanabe Masao.<br \/>\nUn vero must have per ogni buon collezionista, perch\u00e9 Watanabe san (1917-2007) \u00e8 stato un artigiano insignito dei pi\u00f9 importanti riconoscimenti.<br \/>\nLa bambola \u00e8 in condizioni vintage perfette. Avete notato come sono stati contenti i &#8220;fab 4&#8221; di riceverne una ciascuno?<\/p>\n","protected":false},"featured_media":10204,"template":"","meta":{"_acf_changed":false},"product_brand":[],"product_cat":[2202],"product_tag":[],"class_list":{"0":"post-10198","1":"product","2":"type-product","3":"status-publish","4":"has-post-thumbnail","6":"product_cat-kokeshi","8":"first","9":"outofstock","10":"taxable","11":"shipping-taxable","12":"purchasable","13":"product-type-simple"},"acf":[],"_links":{"self":[{"href":"https:\/\/vud-design.com\/it\/wp-json\/wp\/v2\/product\/10198","targetHints":{"allow":["GET"]}}],"collection":[{"href":"https:\/\/vud-design.com\/it\/wp-json\/wp\/v2\/product"}],"about":[{"href":"https:\/\/vud-design.com\/it\/wp-json\/wp\/v2\/types\/product"}],"wp:featuredmedia":[{"embeddable":true,"href":"https:\/\/vud-design.com\/it\/wp-json\/wp\/v2\/media\/10204"}],"wp:attachment":[{"href":"https:\/\/vud-design.com\/it\/wp-json\/wp\/v2\/media?parent=10198"}],"wp:term":[{"taxonomy":"product_brand","embeddable":true,"href":"https:\/\/vud-design.com\/it\/wp-json\/wp\/v2\/product_brand?post=10198"},{"taxonomy":"product_cat","embeddable":true,"href":"https:\/\/vud-design.com\/it\/wp-json\/wp\/v2\/product_cat?post=10198"},{"taxonomy":"product_tag","embeddable":true,"href":"https:\/\/vud-design.com\/it\/wp-json\/wp\/v2\/product_tag?post=10198"}],"curies":[{"name":"wp","href":"https:\/\/api.w.org\/{rel}","templated":true}]}}