{"id":10222,"date":"2024-12-18T17:49:59","date_gmt":"2024-12-18T16:49:59","guid":{"rendered":"https:\/\/vud-design.com\/?post_type=product&#038;p=10222"},"modified":"2024-12-18T18:04:06","modified_gmt":"2024-12-18T17:04:06","slug":"olio-per-taglieri-mini-walrus-oil","status":"publish","type":"product","link":"https:\/\/vud-design.com\/it\/shop\/cura-del-legno\/olio-per-taglieri-mini-walrus-oil\/","title":{"rendered":"Olio per taglieri mini &#8211; Walrus Oil"},"content":{"rendered":"<p><strong>Quantit\u00e0:<\/strong> 56,7 g (2 oz)<\/p>\n<p><strong>Ingredienti:<\/strong> Olio di cocco, cera d&#8217;api, olio di vaselina, Vitamina E<\/p>\n","protected":false},"excerpt":{"rendered":"<p><span class=\"Styles__Span-sc-4zz2i3-1 AccordionContainer__AccordionSpan-sc-10ikm52-2 fYstiQ jIWBEl\" data-test-id=\"accordion-text\">La taglia perfetta per accompagnare il tuo ultimo acquisto! L&#8217;olio per taglieri Walrus Oil\u00ae \u00e8 una finitura per legno a base di olio di cocco, olio di vaselina, vitamina E e cera d&#8217;api. \u00c8 certificato per le superfici a contatto con gli alimenti come taglieri e blocchi da macelleria. Un olio per taglieri liquido che non si solidifica in condizioni normali. \u00c8 altamente stabile e non ha praticamente alcun profumo. Si stende facilmente, n\u00e9 troppo denso n\u00e9 troppo liquido e non contaminer\u00e0 il cibo con un sapore strano. Lascer\u00e0 il tuo tagliere con una finitura liscia come la seta, un colore intenso e un po&#8217; di lucentezza. .<\/span><\/p>\n<div class=\"spacing__Spacer-sc-w504b2-0 gTYVkS\"><\/div>\n<div class=\"Flex-sc-14t19kd-0 Row-sc-s57kza-0 bkkGcu\">\n<p>&nbsp;<\/p>\n<\/div>\n","protected":false},"featured_media":10224,"template":"","meta":{"_acf_changed":false},"product_brand":[],"product_cat":[2271],"product_tag":[],"class_list":{"0":"post-10222","1":"product","2":"type-product","3":"status-publish","4":"has-post-thumbnail","6":"product_cat-cura-del-legno","8":"first","9":"instock","10":"taxable","11":"shipping-taxable","12":"purchasable","13":"product-type-simple"},"acf":[],"_links":{"self":[{"href":"https:\/\/vud-design.com\/it\/wp-json\/wp\/v2\/product\/10222","targetHints":{"allow":["GET"]}}],"collection":[{"href":"https:\/\/vud-design.com\/it\/wp-json\/wp\/v2\/product"}],"about":[{"href":"https:\/\/vud-design.com\/it\/wp-json\/wp\/v2\/types\/product"}],"wp:featuredmedia":[{"embeddable":true,"href":"https:\/\/vud-design.com\/it\/wp-json\/wp\/v2\/media\/10224"}],"wp:attachment":[{"href":"https:\/\/vud-design.com\/it\/wp-json\/wp\/v2\/media?parent=10222"}],"wp:term":[{"taxonomy":"product_brand","embeddable":true,"href":"https:\/\/vud-design.com\/it\/wp-json\/wp\/v2\/product_brand?post=10222"},{"taxonomy":"product_cat","embeddable":true,"href":"https:\/\/vud-design.com\/it\/wp-json\/wp\/v2\/product_cat?post=10222"},{"taxonomy":"product_tag","embeddable":true,"href":"https:\/\/vud-design.com\/it\/wp-json\/wp\/v2\/product_tag?post=10222"}],"curies":[{"name":"wp","href":"https:\/\/api.w.org\/{rel}","templated":true}]}}