{"id":10463,"date":"2025-05-29T18:39:21","date_gmt":"2025-05-29T16:39:21","guid":{"rendered":"https:\/\/vud-design.com\/?post_type=product&#038;p=10463"},"modified":"2025-05-29T18:29:23","modified_gmt":"2025-05-29T16:29:23","slug":"piccole-kokeshi-yajiro-con-sonaglio","status":"publish","type":"product","link":"https:\/\/vud-design.com\/it\/shop\/vud-loves\/kokeshi\/piccole-kokeshi-yajiro-con-sonaglio\/","title":{"rendered":"Piccole kokeshi Yajiro con sonaglio"},"content":{"rendered":"<p><strong>Misure:<\/strong> H 12 cm tranne n\u00b07 (5,5 cm)<\/p>\n","protected":false},"excerpt":{"rendered":"<p>Un gruppo allegro di dieci piccole kokeshi della <strong>scuola Yajir\u014d<\/strong>, realizzate e dipinte a mano. Alte circa 12 cm (eccetto la piccola Ejiko, che misura 5,5 cm), queste bambole portano con s\u00e9 tutta la semplicit\u00e0 e la grazia del T\u014dhoku. Cos\u00ec carine e ben fatte se ne trovano poche: il <strong>sonaglio nascosto<\/strong> nella testa, ottenuto con qualche chicco di riso, le rende un piccolo must have per ogni buona collezione.<\/p>\n","protected":false},"featured_media":10442,"template":"","meta":{"_acf_changed":false},"product_brand":[],"product_cat":[2202],"product_tag":[],"class_list":{"0":"post-10463","1":"product","2":"type-product","3":"status-publish","4":"has-post-thumbnail","6":"product_cat-kokeshi","8":"first","9":"outofstock","10":"taxable","11":"shipping-taxable","12":"purchasable","13":"product-type-variable","14":"rtwpvg-product","15":"rtwpvs-product"},"acf":[],"_links":{"self":[{"href":"https:\/\/vud-design.com\/it\/wp-json\/wp\/v2\/product\/10463","targetHints":{"allow":["GET"]}}],"collection":[{"href":"https:\/\/vud-design.com\/it\/wp-json\/wp\/v2\/product"}],"about":[{"href":"https:\/\/vud-design.com\/it\/wp-json\/wp\/v2\/types\/product"}],"wp:featuredmedia":[{"embeddable":true,"href":"https:\/\/vud-design.com\/it\/wp-json\/wp\/v2\/media\/10442"}],"wp:attachment":[{"href":"https:\/\/vud-design.com\/it\/wp-json\/wp\/v2\/media?parent=10463"}],"wp:term":[{"taxonomy":"product_brand","embeddable":true,"href":"https:\/\/vud-design.com\/it\/wp-json\/wp\/v2\/product_brand?post=10463"},{"taxonomy":"product_cat","embeddable":true,"href":"https:\/\/vud-design.com\/it\/wp-json\/wp\/v2\/product_cat?post=10463"},{"taxonomy":"product_tag","embeddable":true,"href":"https:\/\/vud-design.com\/it\/wp-json\/wp\/v2\/product_tag?post=10463"}],"curies":[{"name":"wp","href":"https:\/\/api.w.org\/{rel}","templated":true}]}}