{"id":10610,"date":"2025-07-05T18:01:29","date_gmt":"2025-07-05T16:01:29","guid":{"rendered":"https:\/\/vud-design.com\/?post_type=product&#038;p=10610"},"modified":"2025-07-15T18:17:12","modified_gmt":"2025-07-15T16:17:12","slug":"vintage-nakanosawa-kokeshi","status":"publish","type":"product","link":"https:\/\/vud-design.com\/it\/shop\/vud-loves\/kokeshi\/vintage-nakanosawa-kokeshi\/","title":{"rendered":"Vintage Nakanosawa kokeshi"},"content":{"rendered":"<p><strong data-start=\"35\" data-end=\"50\">Dimensioni:<\/strong><br data-start=\"50\" data-end=\"53\" \/>\u2022 Grande: H 30\u202fcm \u2013 \u2300\u202f8\u202fcm<br data-start=\"83\" data-end=\"86\" \/>\u2022 Piccola: H 27\u202fcm \u2013 \u2300\u202f7\u202fcm<\/p>\n","protected":false},"excerpt":{"rendered":"<p data-start=\"45\" data-end=\"217\">Questa forma iconica fu creata da <strong><a href=\"https:\/\/vud-design.com\/it\/2025\/03\/le-kokeshi-di-nakanosawa-e-il-genio-eccentrico-di-iwamoto-zenkichi\/\" target=\"_blank\" rel=\"noopener\">Iwamoto Zenkichi<\/a><\/strong> all\u2019inizio del Novecento e ripresa negli anni Cinquanta dal figlio <strong>Yoshiz\u014d<\/strong>, che form\u00f2 una nuova generazione di artigiani, dediti alla scuola del <em><strong>Tako-b\u014dzu<\/strong><\/em> (traducibile come &#8220;<em>polpo calvo<\/em>&#8220;).<\/p>\n<p data-start=\"219\" data-end=\"336\">Sia <strong>Sanpei Haruo<\/strong> che <strong>Fukuchi Yoshio<\/strong> furono suoi allievi diretti, e queste bambole portano l\u2019impronta di quella linea.<\/p>\n<ul>\n<li data-start=\"338\" data-end=\"700\">La bambola pi\u00f9 alta (30\u202fcm) \u00e8 firmata da Sanpei Haruo (<a href=\"https:\/\/kokeshiwiki.com\/?p=1468\" target=\"_blank\" rel=\"noopener\">\u4e09\u74f6\u6625\u7537<\/a>, 1929\u20131987).\u00a0<br data-start=\"568\" data-end=\"571\" \/>Il suo nome compare sotto la base, insieme a quella che potrebbe essere una data dell\u2019epoca Sh\u014dwa, forse dei primi anni Settanta.<\/li>\n<li data-start=\"702\" data-end=\"939\">Quella pi\u00f9 piccola (27\u202fcm) \u00e8 di Fukuchi Yoshio (<a href=\"https:\/\/kokeshiwiki.com\/?p=1684\" target=\"_blank\" rel=\"noopener\">\u798f\u5730\u82b3\u96c4<\/a>, 1927\u20131985), che pass\u00f2 dallo stile Tsuchiyu alla piena adesione alla tradizione Tako-b\u014dzu sotto la guida di Yoshiz\u014d.<\/li>\n<\/ul>\n<p>Due mani diverse, un\u2019unica eredit\u00e0. Un piccolo dittico di tradizione, carattere e maestria.<\/p>\n","protected":false},"featured_media":10599,"template":"","meta":{"_acf_changed":false},"product_brand":[],"product_cat":[2202],"product_tag":[],"class_list":{"0":"post-10610","1":"product","2":"type-product","3":"status-publish","4":"has-post-thumbnail","6":"product_cat-kokeshi","8":"first","9":"outofstock","10":"taxable","11":"shipping-taxable","12":"purchasable","13":"product-type-variable","14":"rtwpvg-product","15":"rtwpvs-product"},"acf":[],"_links":{"self":[{"href":"https:\/\/vud-design.com\/it\/wp-json\/wp\/v2\/product\/10610","targetHints":{"allow":["GET"]}}],"collection":[{"href":"https:\/\/vud-design.com\/it\/wp-json\/wp\/v2\/product"}],"about":[{"href":"https:\/\/vud-design.com\/it\/wp-json\/wp\/v2\/types\/product"}],"wp:featuredmedia":[{"embeddable":true,"href":"https:\/\/vud-design.com\/it\/wp-json\/wp\/v2\/media\/10599"}],"wp:attachment":[{"href":"https:\/\/vud-design.com\/it\/wp-json\/wp\/v2\/media?parent=10610"}],"wp:term":[{"taxonomy":"product_brand","embeddable":true,"href":"https:\/\/vud-design.com\/it\/wp-json\/wp\/v2\/product_brand?post=10610"},{"taxonomy":"product_cat","embeddable":true,"href":"https:\/\/vud-design.com\/it\/wp-json\/wp\/v2\/product_cat?post=10610"},{"taxonomy":"product_tag","embeddable":true,"href":"https:\/\/vud-design.com\/it\/wp-json\/wp\/v2\/product_tag?post=10610"}],"curies":[{"name":"wp","href":"https:\/\/api.w.org\/{rel}","templated":true}]}}