{"id":10688,"date":"2025-10-04T18:19:39","date_gmt":"2025-10-04T16:19:39","guid":{"rendered":"https:\/\/vud-design.com\/?post_type=product&#038;p=10688"},"modified":"2025-10-06T12:49:54","modified_gmt":"2025-10-06T10:49:54","slug":"sceriffo","status":"publish","type":"product","link":"https:\/\/vud-design.com\/it\/shop\/vud-loves\/candylab-toys\/sceriffo\/","title":{"rendered":"Sceriffo"},"content":{"rendered":"<p><strong>Misure:<\/strong> 8,9cm L x 3.6cm W x 4.1cm H<\/p>\n<p><strong>Materiale:<\/strong> Legno massello di faggio, vernice a base d&#8217;acqua e rivestimento trasparente in uretano. Cerchi in plastica ABS, con pneumatici in plastica.<\/p>\n","protected":false},"excerpt":{"rendered":"<p>Fuorilegge (e ciambelle) state attenti: c&#8217;\u00e8 un nuovo sceriffo in citt\u00e0. Questo piccolo difensore della legge \u00e8 dotato di una nuova decalcomania realistica sulla griglia e di una barra luminosa di emergenza in vero metallo.<\/p>\n","protected":false},"featured_media":10690,"template":"","meta":{"_acf_changed":false},"product_brand":[],"product_cat":[366],"product_tag":[],"class_list":{"0":"post-10688","1":"product","2":"type-product","3":"status-publish","4":"has-post-thumbnail","6":"product_cat-candylab-toys","8":"first","9":"instock","10":"taxable","11":"shipping-taxable","12":"purchasable","13":"product-type-simple"},"acf":[],"_links":{"self":[{"href":"https:\/\/vud-design.com\/it\/wp-json\/wp\/v2\/product\/10688","targetHints":{"allow":["GET"]}}],"collection":[{"href":"https:\/\/vud-design.com\/it\/wp-json\/wp\/v2\/product"}],"about":[{"href":"https:\/\/vud-design.com\/it\/wp-json\/wp\/v2\/types\/product"}],"wp:featuredmedia":[{"embeddable":true,"href":"https:\/\/vud-design.com\/it\/wp-json\/wp\/v2\/media\/10690"}],"wp:attachment":[{"href":"https:\/\/vud-design.com\/it\/wp-json\/wp\/v2\/media?parent=10688"}],"wp:term":[{"taxonomy":"product_brand","embeddable":true,"href":"https:\/\/vud-design.com\/it\/wp-json\/wp\/v2\/product_brand?post=10688"},{"taxonomy":"product_cat","embeddable":true,"href":"https:\/\/vud-design.com\/it\/wp-json\/wp\/v2\/product_cat?post=10688"},{"taxonomy":"product_tag","embeddable":true,"href":"https:\/\/vud-design.com\/it\/wp-json\/wp\/v2\/product_tag?post=10688"}],"curies":[{"name":"wp","href":"https:\/\/api.w.org\/{rel}","templated":true}]}}