{"id":10812,"date":"2025-10-11T10:15:17","date_gmt":"2025-10-11T08:15:17","guid":{"rendered":"https:\/\/vud-design.com\/?post_type=product&#038;p=10812"},"modified":"2025-10-11T16:48:47","modified_gmt":"2025-10-11T14:48:47","slug":"pl2-lampada-portatile","status":"publish","type":"product","link":"https:\/\/vud-design.com\/it\/shop\/vud-loves\/sowden-lampade\/pl2-lampada-portatile\/","title":{"rendered":"PL2 Lampada portatile"},"content":{"rendered":"<p><strong>Misure:<\/strong> \u00d8 18 cm x H 30,5 cm<\/p>\n<p><strong>Materiali:<\/strong> corpo in alluminio verniciato e ABS, diffusore in silicone<\/p>\n<p><span class=\"o_small-fs\">&#8211; Sorgente luminosa a disco LED integrato, prodotta da Sowden<\/span><\/p>\n<p><span class=\"o_small-fs\">&#8211; TIPO DI LAMPADA: LED 3,5W<\/span><\/p>\n<p><span class=\"o_small-fs\">&#8211; Temperatura colore: 3000K<\/span><\/p>\n<p><span class=\"o_small-fs\">&#8211; Luminosit\u00e0 massima: 300 lumen<\/span><\/p>\n<p><span class=\"o_small-fs\">&#8211; Batterie agli ioni di litio: 2x Li-ion 3,7V, 2600mAh<\/span><\/p>\n","protected":false},"excerpt":{"rendered":"<p>Le lampade SOWDEN hanno una doppia funzionalit\u00e0: possono essere usate sia collegate alla corrente tramite cavo USB sia come lampade portatili. In modalit\u00e0 fissa funzionano anche senza batterie, perfette su scrivanie o comodini. In modalit\u00e0 portatile, grazie alle batterie ricaricabili agli ioni di litio incluse, offrono luce ovunque, anche lontano da prese elettriche. Il passaggio da una modalit\u00e0 all\u2019altra \u00e8 automatico.<\/p>\n","protected":false},"featured_media":10795,"template":"","meta":{"_acf_changed":false},"product_brand":[],"product_cat":[2456],"product_tag":[],"class_list":{"0":"post-10812","1":"product","2":"type-product","3":"status-publish","4":"has-post-thumbnail","6":"product_cat-sowden-lampade","8":"first","9":"instock","10":"taxable","11":"shipping-taxable","12":"purchasable","13":"product-type-simple"},"acf":[],"_links":{"self":[{"href":"https:\/\/vud-design.com\/it\/wp-json\/wp\/v2\/product\/10812","targetHints":{"allow":["GET"]}}],"collection":[{"href":"https:\/\/vud-design.com\/it\/wp-json\/wp\/v2\/product"}],"about":[{"href":"https:\/\/vud-design.com\/it\/wp-json\/wp\/v2\/types\/product"}],"wp:featuredmedia":[{"embeddable":true,"href":"https:\/\/vud-design.com\/it\/wp-json\/wp\/v2\/media\/10795"}],"wp:attachment":[{"href":"https:\/\/vud-design.com\/it\/wp-json\/wp\/v2\/media?parent=10812"}],"wp:term":[{"taxonomy":"product_brand","embeddable":true,"href":"https:\/\/vud-design.com\/it\/wp-json\/wp\/v2\/product_brand?post=10812"},{"taxonomy":"product_cat","embeddable":true,"href":"https:\/\/vud-design.com\/it\/wp-json\/wp\/v2\/product_cat?post=10812"},{"taxonomy":"product_tag","embeddable":true,"href":"https:\/\/vud-design.com\/it\/wp-json\/wp\/v2\/product_tag?post=10812"}],"curies":[{"name":"wp","href":"https:\/\/api.w.org\/{rel}","templated":true}]}}