{"id":273,"date":"2020-11-27T21:20:40","date_gmt":"2020-11-27T20:20:40","guid":{"rendered":"http:\/\/verdefrontiera.it\/vud\/?post_type=product&#038;p=273"},"modified":"2023-12-10T18:16:06","modified_gmt":"2023-12-10T17:16:06","slug":"tagliere-serie-na-50x15","status":"publish","type":"product","link":"https:\/\/vud-design.com\/it\/shop\/vud\/taglieri\/serie-na\/tagliere-serie-na-50x15\/","title":{"rendered":"Tagliere Serie NA 50&#215;15"},"content":{"rendered":"<p>Variazioni sul tema del nostro classico Serie A, vi presentiamo la Nuova Serie A.<\/p>\n<h5>Caratteristiche<\/h5>\n<p>Prodotto realizzato a mano con un&#8217;unica tavola in legno massello di circa 12 mm di spessore, non vengono utilizzate colle.<br \/>\nTrattato con olio minerale certificato per il contatto con gli alimenti.<br \/>\nOgni pezzo \u00e8 numerato.<\/p>\n<h5>Cura del prodotto<\/h5>\n<p>Puoi lavarlo con detersivo per piatti non aggressivo e nutrirlo ogni tanto con un cucchiaio di olio d&#8217;oliva.<\/p>\n","protected":false},"excerpt":{"rendered":"<p>N\u00e8 troppo piccolo n\u00e9 troppo grande, \u00e8 la misura comoda per ogni utilizzo. Un regalo d&#8217;effetto.<\/p>\n","protected":false},"featured_media":3058,"template":"","meta":{"_acf_changed":false},"product_brand":[],"product_cat":[122,31,358],"product_tag":[],"class_list":{"0":"post-273","1":"product","2":"type-product","3":"status-publish","4":"has-post-thumbnail","6":"product_cat-serie-na","7":"product_cat-taglieri","8":"product_cat-vud","10":"first","11":"instock","12":"taxable","13":"shipping-taxable","14":"purchasable","15":"product-type-variable","16":"has-default-attributes","17":"rtwpvg-product","18":"rtwpvs-product"},"acf":[],"_links":{"self":[{"href":"https:\/\/vud-design.com\/it\/wp-json\/wp\/v2\/product\/273","targetHints":{"allow":["GET"]}}],"collection":[{"href":"https:\/\/vud-design.com\/it\/wp-json\/wp\/v2\/product"}],"about":[{"href":"https:\/\/vud-design.com\/it\/wp-json\/wp\/v2\/types\/product"}],"wp:featuredmedia":[{"embeddable":true,"href":"https:\/\/vud-design.com\/it\/wp-json\/wp\/v2\/media\/3058"}],"wp:attachment":[{"href":"https:\/\/vud-design.com\/it\/wp-json\/wp\/v2\/media?parent=273"}],"wp:term":[{"taxonomy":"product_brand","embeddable":true,"href":"https:\/\/vud-design.com\/it\/wp-json\/wp\/v2\/product_brand?post=273"},{"taxonomy":"product_cat","embeddable":true,"href":"https:\/\/vud-design.com\/it\/wp-json\/wp\/v2\/product_cat?post=273"},{"taxonomy":"product_tag","embeddable":true,"href":"https:\/\/vud-design.com\/it\/wp-json\/wp\/v2\/product_tag?post=273"}],"curies":[{"name":"wp","href":"https:\/\/api.w.org\/{rel}","templated":true}]}}