{"id":3171,"date":"2021-03-30T12:06:24","date_gmt":"2021-03-30T10:06:24","guid":{"rendered":"https:\/\/www.vud-design.com\/?post_type=product&#038;p=3171"},"modified":"2022-05-26T15:51:43","modified_gmt":"2022-05-26T13:51:43","slug":"tagliere-a-scacchi","status":"publish","type":"product","link":"https:\/\/vud-design.com\/it\/shop\/vud\/edizioni-limitate\/tagliere-a-scacchi\/","title":{"rendered":"Tagliere a scacchi &#8211; grande"},"content":{"rendered":"<p>Il tagliere per la vita.<\/p>\n<h5>Caratteristiche<\/h5>\n<p>Prodotto realizzato a mano assemblando 88 cubetti in legno massello, ricavati da ritagli delle altre lavorazioni.<\/p>\n<h5>Dimensioni<\/h5>\n<p>5o,5x37x5,5 cm<\/p>\n<h5>Cura del prodotto<\/h5>\n<p>Puoi lavarlo con detersivo per piatti non aggressivo. I taglieri a scacchi vanno nutriti spesso con olio.<\/p>\n","protected":false},"excerpt":{"rendered":"<p>I taglieri a scacchi sono una garanzia di durata, il legno \u00e8 sollecitato infatti parallelamente alla direzione della fibra, quindi \u00e8 molto pi\u00f9 resistente ai segni del coltello. Questo \u00e8 un bene anche per tuo coltello preferito! Avr\u00e0 molto meno attrito con la superficie del tagliere, quindi rimarr\u00e0 affilato molto pi\u00f9 a lungo. Un&#8217;unica accortezza: questo tipo di tagliere ha bisogno di essere curato un po&#8217; pi\u00f9 spesso rispetto ad uno tradizionale, mantienilo sempre ben oliato e non ti tradir\u00e0.<\/p>\n","protected":false},"featured_media":3186,"template":"","meta":{"_acf_changed":false},"product_brand":[],"product_cat":[712,358],"product_tag":[],"class_list":{"0":"post-3171","1":"product","2":"type-product","3":"status-publish","4":"has-post-thumbnail","6":"product_cat-edizioni-limitate","7":"product_cat-vud","9":"first","10":"outofstock","11":"taxable","12":"shipping-taxable","13":"purchasable","14":"product-type-simple"},"acf":[],"_links":{"self":[{"href":"https:\/\/vud-design.com\/it\/wp-json\/wp\/v2\/product\/3171","targetHints":{"allow":["GET"]}}],"collection":[{"href":"https:\/\/vud-design.com\/it\/wp-json\/wp\/v2\/product"}],"about":[{"href":"https:\/\/vud-design.com\/it\/wp-json\/wp\/v2\/types\/product"}],"wp:featuredmedia":[{"embeddable":true,"href":"https:\/\/vud-design.com\/it\/wp-json\/wp\/v2\/media\/3186"}],"wp:attachment":[{"href":"https:\/\/vud-design.com\/it\/wp-json\/wp\/v2\/media?parent=3171"}],"wp:term":[{"taxonomy":"product_brand","embeddable":true,"href":"https:\/\/vud-design.com\/it\/wp-json\/wp\/v2\/product_brand?post=3171"},{"taxonomy":"product_cat","embeddable":true,"href":"https:\/\/vud-design.com\/it\/wp-json\/wp\/v2\/product_cat?post=3171"},{"taxonomy":"product_tag","embeddable":true,"href":"https:\/\/vud-design.com\/it\/wp-json\/wp\/v2\/product_tag?post=3171"}],"curies":[{"name":"wp","href":"https:\/\/api.w.org\/{rel}","templated":true}]}}