{"id":3195,"date":"2021-03-08T17:18:05","date_gmt":"2021-03-08T16:18:05","guid":{"rendered":"https:\/\/www.vud-design.com\/?post_type=product&#038;p=3195"},"modified":"2024-03-08T18:52:55","modified_gmt":"2024-03-08T17:52:55","slug":"divano-mags-soft-low","status":"publish","type":"product","link":"https:\/\/vud-design.com\/it\/shop\/vud-loves\/hay\/divano-mags-soft-low\/","title":{"rendered":"Divano Mags Soft Low"},"content":{"rendered":"<p>I bordi arrotondati e i morbidi cuscini creano un tono pi\u00f9 delicato e rilassato con il divano Mags Soft con bracciolo basso. Mantenendo una forte presenza estetica, questa versione assume una silhouette pi\u00f9 fluida.<br \/>\nIl comfort e la durata ottimali sono assicurati dalla solida struttura del divano, che \u00e8 stata realizzata utilizzando una schiuma durevole ad alta densit\u00e0 e rivestita con imbottitura in piuma per una morbidezza extra. Il telaio basso ha una sensazione distintamente lounge, rafforzata dai sedili profondi e dai braccioli bassi, per creare uno spazio pi\u00f9 aperto e accogliente. Il divano pu\u00f2 essere completamente personalizzato con chaise longue, moduli angolari o sedute aggiuntive per adattarsi a qualsiasi stanza o scopo, mentre le numerose opzioni di rivestimento di alta qualit\u00e0 consentono al divano di trovare la propria personalit\u00e0.<\/p>\n<h5>Caratteristiche<\/h5>\n<p>La struttura di Mags Soft \u00e8 realizzata in multistrato di legno duro con sistema a molle Nosag (molle ondulate a Zig Zag) e braccioli e schienale in multistrato truciolare, certificati FSC. Il sedile \u00e8 costruito con schiuma da 110 mm, bracciolo con schiuma da 20 mm e schienale con schiuma da 15 mm.<br \/>\nMags Soft \u00e8 ancora pi\u00f9 accogliente, perch\u00e9 ogni modulo \u00e8 rivestito da un cuscino da 60 mm composto da 50% piuma d&#8217;oca-anatra e 50% schiuma. Il fondo \u00e8 rivestito con Fibertex (non tessuto di polipropilene \/ poliestere). Gambe in faggio con feltrini.<\/p>\n<h5>Dimensioni<\/h5>\n<p>Divano 2,5 posti: 238 x 103 x h67 cm<br \/>\nDivano 3 posti: 278 x 103 x h67 cm<br \/>\nDivano 3 posti con chaise longue: 314 x 135 x h67 cm<\/p>\n<p>Per tutte le dimensioni dei singoli moduli e delle diverse composizioni: <strong><a href=\"https:\/\/vud-design.com\/wp-content\/uploads\/Module_overview_Mags_Soft_Low.pdf\">Module_overview_Mags_Soft_Low<\/a><\/strong><\/p>\n<p>&nbsp;<\/p>\n<p>&nbsp;<\/p>\n<p>&nbsp;<\/p>\n","protected":false},"excerpt":{"rendered":"<p>Un design senza tempo, completamente personalizzabile ed adattabile ad ogni esigenza grazie alle molteplici composizioni possibili ed all&#8217;infinita variet\u00e0 di tessuti. Qualche esempio:<\/p>\n<p>Divano 2,5 posti: <strong>3100,00\u20ac<\/strong><br \/>\nDivano 3 posti: <strong>3560,00\u20ac<\/strong><br \/>\nDivano 3 posti con chaise longue: <strong>3810,00\u20ac<\/strong><\/p>\n<p>Clicca qui per <a href=\"https:\/\/vud-design.com\/it\/news\/mags-una-famiglia-di-divani-unici\/\">approfondimenti<\/a>, \u00a0per un preventivo dedicato <strong><a title=\"contatti\" href=\"https:\/\/vud-design.com\/it\/contatti\/\" target=\"_blank\" rel=\"noopener noreferrer\">contattaci<\/a><\/strong><\/p>\n","protected":false},"featured_media":3248,"template":"","meta":{"_acf_changed":false},"product_brand":[],"product_cat":[426],"product_tag":[],"class_list":{"0":"post-3195","1":"product","2":"type-product","3":"status-publish","4":"has-post-thumbnail","6":"product_cat-hay","8":"first","9":"instock","10":"taxable","11":"shipping-taxable","12":"product-type-simple"},"acf":[],"_links":{"self":[{"href":"https:\/\/vud-design.com\/it\/wp-json\/wp\/v2\/product\/3195","targetHints":{"allow":["GET"]}}],"collection":[{"href":"https:\/\/vud-design.com\/it\/wp-json\/wp\/v2\/product"}],"about":[{"href":"https:\/\/vud-design.com\/it\/wp-json\/wp\/v2\/types\/product"}],"wp:featuredmedia":[{"embeddable":true,"href":"https:\/\/vud-design.com\/it\/wp-json\/wp\/v2\/media\/3248"}],"wp:attachment":[{"href":"https:\/\/vud-design.com\/it\/wp-json\/wp\/v2\/media?parent=3195"}],"wp:term":[{"taxonomy":"product_brand","embeddable":true,"href":"https:\/\/vud-design.com\/it\/wp-json\/wp\/v2\/product_brand?post=3195"},{"taxonomy":"product_cat","embeddable":true,"href":"https:\/\/vud-design.com\/it\/wp-json\/wp\/v2\/product_cat?post=3195"},{"taxonomy":"product_tag","embeddable":true,"href":"https:\/\/vud-design.com\/it\/wp-json\/wp\/v2\/product_tag?post=3195"}],"curies":[{"name":"wp","href":"https:\/\/api.w.org\/{rel}","templated":true}]}}