{"id":3649,"date":"2021-05-20T15:51:29","date_gmt":"2021-05-20T13:51:29","guid":{"rendered":"https:\/\/www.vud-design.com\/?post_type=product&#038;p=3649"},"modified":"2021-11-16T16:47:22","modified_gmt":"2021-11-16T15:47:22","slug":"tagliere-a-scacchi-medio","status":"publish","type":"product","link":"https:\/\/vud-design.com\/it\/shop\/vud\/edizioni-limitate\/tagliere-a-scacchi-medio\/","title":{"rendered":"Tagliere a scacchi &#8211; medio"},"content":{"rendered":"<p>Il tagliere per la vita.<\/p>\n<h5>Caratteristiche<\/h5>\n<p>Prodotto realizzato a mano assemblando i ritagli delle altre lavorazioni. Legni di acacia o noce.<\/p>\n<h5>Dimensioni<\/h5>\n<p>25x25x5 cm<\/p>\n<h5>Cura del prodotto<\/h5>\n<p>Puoi lavarlo con detersivo per piatti non aggressivo. I taglieri a scacchi vanno nutriti spesso con olio.<\/p>\n","protected":false},"excerpt":{"rendered":"<p>Realizzati con i ritagli di acacia o noce. Una misura intermedia per tutte le lavorazioni, o per portare in tavola una bella forma di parmigiano. I taglieri a scacchi sono una garanzia di durata, il legno \u00e8 sollecitato infatti parallelamente alla direzione della fibra, quindi \u00e8 molto pi\u00f9 resistente ai segni del coltello. Un&#8217;unica accortezza: questo tipo di tagliere ha bisogno di essere curato un po&#8217; pi\u00f9 spesso rispetto ad uno tradizionale, mantienilo sempre ben oliato e non ti tradir\u00e0.<\/p>\n","protected":false},"featured_media":3634,"template":"","meta":{"_acf_changed":false},"product_brand":[],"product_cat":[712,358],"product_tag":[],"class_list":{"0":"post-3649","1":"product","2":"type-product","3":"status-publish","4":"has-post-thumbnail","6":"product_cat-edizioni-limitate","7":"product_cat-vud","9":"first","10":"outofstock","11":"taxable","12":"shipping-taxable","13":"purchasable","14":"product-type-variable","15":"has-default-attributes","16":"rtwpvg-product","17":"rtwpvs-product"},"acf":[],"_links":{"self":[{"href":"https:\/\/vud-design.com\/it\/wp-json\/wp\/v2\/product\/3649","targetHints":{"allow":["GET"]}}],"collection":[{"href":"https:\/\/vud-design.com\/it\/wp-json\/wp\/v2\/product"}],"about":[{"href":"https:\/\/vud-design.com\/it\/wp-json\/wp\/v2\/types\/product"}],"wp:featuredmedia":[{"embeddable":true,"href":"https:\/\/vud-design.com\/it\/wp-json\/wp\/v2\/media\/3634"}],"wp:attachment":[{"href":"https:\/\/vud-design.com\/it\/wp-json\/wp\/v2\/media?parent=3649"}],"wp:term":[{"taxonomy":"product_brand","embeddable":true,"href":"https:\/\/vud-design.com\/it\/wp-json\/wp\/v2\/product_brand?post=3649"},{"taxonomy":"product_cat","embeddable":true,"href":"https:\/\/vud-design.com\/it\/wp-json\/wp\/v2\/product_cat?post=3649"},{"taxonomy":"product_tag","embeddable":true,"href":"https:\/\/vud-design.com\/it\/wp-json\/wp\/v2\/product_tag?post=3649"}],"curies":[{"name":"wp","href":"https:\/\/api.w.org\/{rel}","templated":true}]}}