{"id":3654,"date":"2021-05-20T15:51:10","date_gmt":"2021-05-20T13:51:10","guid":{"rendered":"https:\/\/www.vud-design.com\/?post_type=product&#038;p=3654"},"modified":"2021-11-16T16:47:37","modified_gmt":"2021-11-16T15:47:37","slug":"tagliere-a-scacchi-piccolo","status":"publish","type":"product","link":"https:\/\/vud-design.com\/it\/shop\/vud\/edizioni-limitate\/tagliere-a-scacchi-piccolo\/","title":{"rendered":"Tagliere a scacchi &#8211; piccolo"},"content":{"rendered":"<p>Il tagliere per la vita.<\/p>\n<h5>Caratteristiche<\/h5>\n<p>Prodotto realizzato a mano assemblando i ritagli di acacia delle altre lavorazioni. <\/p>\n<h5>Dimensioni<\/h5>\n<p>20x20x4 cm<\/p>\n<h5>Cura del prodotto<\/h5>\n<p>Puoi lavarlo con detersivo per piatti non aggressivo. I taglieri a scacchi vanno nutriti spesso con olio.<\/p>\n","protected":false},"excerpt":{"rendered":"<p>Piccolo e maneggevole, questo tagliere \u00e8 l&#8217;ideale per chi ha spazi limitati, ma cerca comunque utensili professionali per la sua cucina.<br \/>\nRealizzato in cubetti di acacia, \u00e8 super resistente e perfetto anche da portare in tavola.<br \/>\nI taglieri a scacchi sono una garanzia di durata, il legno \u00e8 sollecitato infatti parallelamente alla direzione della fibra, quindi \u00e8 molto pi\u00f9 resistente ai segni del coltello. Questo \u00e8 un bene anche per tuo coltello preferito! Avr\u00e0 molto meno attrito con la superficie del tagliere, quindi rimarr\u00e0 affilato molto pi\u00f9 a lungo. Un&#8217;unica accortezza: questo tipo di tagliere ha bisogno di essere curato un po&#8217; pi\u00f9 spesso rispetto ad uno tradizionale, mantienilo sempre ben oliato e non ti tradir\u00e0.<\/p>\n","protected":false},"featured_media":3655,"template":"","meta":{"_acf_changed":false},"product_brand":[],"product_cat":[712,358],"product_tag":[],"class_list":{"0":"post-3654","1":"product","2":"type-product","3":"status-publish","4":"has-post-thumbnail","6":"product_cat-edizioni-limitate","7":"product_cat-vud","9":"first","10":"outofstock","11":"taxable","12":"shipping-taxable","13":"purchasable","14":"product-type-simple"},"acf":[],"_links":{"self":[{"href":"https:\/\/vud-design.com\/it\/wp-json\/wp\/v2\/product\/3654","targetHints":{"allow":["GET"]}}],"collection":[{"href":"https:\/\/vud-design.com\/it\/wp-json\/wp\/v2\/product"}],"about":[{"href":"https:\/\/vud-design.com\/it\/wp-json\/wp\/v2\/types\/product"}],"wp:featuredmedia":[{"embeddable":true,"href":"https:\/\/vud-design.com\/it\/wp-json\/wp\/v2\/media\/3655"}],"wp:attachment":[{"href":"https:\/\/vud-design.com\/it\/wp-json\/wp\/v2\/media?parent=3654"}],"wp:term":[{"taxonomy":"product_brand","embeddable":true,"href":"https:\/\/vud-design.com\/it\/wp-json\/wp\/v2\/product_brand?post=3654"},{"taxonomy":"product_cat","embeddable":true,"href":"https:\/\/vud-design.com\/it\/wp-json\/wp\/v2\/product_cat?post=3654"},{"taxonomy":"product_tag","embeddable":true,"href":"https:\/\/vud-design.com\/it\/wp-json\/wp\/v2\/product_tag?post=3654"}],"curies":[{"name":"wp","href":"https:\/\/api.w.org\/{rel}","templated":true}]}}