{"id":7060,"date":"2023-05-03T12:10:20","date_gmt":"2023-05-03T10:10:20","guid":{"rendered":"https:\/\/vud-design.com\/?post_type=product&#038;p=7060"},"modified":"2023-11-18T17:09:32","modified_gmt":"2023-11-18T16:09:32","slug":"tavolo-t1","status":"publish","type":"product","link":"https:\/\/vud-design.com\/it\/shop\/vud\/tavoli\/tavolo-t1\/","title":{"rendered":"Tavolo T1"},"content":{"rendered":"<p>T1 \u00e8 composto da: legno massello, incastri, colla, vernice e cura (+ un buco, ovviamente!) Le dimensioni che proponiamo sono pensate per essere comode per <strong>6 fino a 10 ospiti<\/strong>, ma \u00a0\u00e8 completamente personalizzabile, come tutti i nostri tavoli!<\/p>\n<p>Nelle immagini: <strong>misure personalizzate<\/strong> &#8211; olmo<\/p>\n<p>Per tutti i nostri tavoli abbiamo due tipi di finitura: vernice all&#8217;acqua o olio.<br \/>\nEntrambe hanno un aspetto opaco, la differenza sta nella manutenzione. Anche se \u00e8 sempre meglio evitare il ristagno di liquidi sulla superficie, la vernice ad acqua chiude i pori, cos\u00ec non dovrai preoccuparti delle macchie. La finitura pi\u00f9 naturale, che esalta la bellezza del legno massello, \u00e8 quella ad olio. Dovrai per\u00f2 avere cura di applicare olio o cera al tuo tavolo di tanto in tanto.<\/p>\n","protected":false},"excerpt":{"rendered":"<p>Il nostro primo modello.\u2028 Tavolo in legno massello, robusto e solido senza essere pesante&#8230; Ci\u00f2 \u00e8 dovuto ai bordi smussati, che lo fanno sembrare molto pi\u00f9 sottile.\u2028 Il telaio delle gambe \u00e8 costituito da tre tavole di legno assemblate tra di loro ad incastro, indipendenti dal piano. Questo fa s\u00ec che T1 sia l&#8217;unico modello con gambe smontabili, per cui \u00e8 adatto a quelle case con passaggi stretti in cui \u00e8 pi\u00f9 difficile far entrare mobili di una certa dimensione.<\/p>\n","protected":false},"featured_media":7381,"template":"","meta":{"_acf_changed":false},"product_brand":[],"product_cat":[2205,358],"product_tag":[],"class_list":{"0":"post-7060","1":"product","2":"type-product","3":"status-publish","4":"has-post-thumbnail","6":"product_cat-tavoli","7":"product_cat-vud","8":"product_shipping_class-tavoli-it","10":"first","11":"instock","12":"taxable","13":"shipping-taxable","14":"purchasable","15":"product-type-variable","16":"rtwpvg-product","17":"rtwpvs-product"},"acf":[],"_links":{"self":[{"href":"https:\/\/vud-design.com\/it\/wp-json\/wp\/v2\/product\/7060","targetHints":{"allow":["GET"]}}],"collection":[{"href":"https:\/\/vud-design.com\/it\/wp-json\/wp\/v2\/product"}],"about":[{"href":"https:\/\/vud-design.com\/it\/wp-json\/wp\/v2\/types\/product"}],"wp:featuredmedia":[{"embeddable":true,"href":"https:\/\/vud-design.com\/it\/wp-json\/wp\/v2\/media\/7381"}],"wp:attachment":[{"href":"https:\/\/vud-design.com\/it\/wp-json\/wp\/v2\/media?parent=7060"}],"wp:term":[{"taxonomy":"product_brand","embeddable":true,"href":"https:\/\/vud-design.com\/it\/wp-json\/wp\/v2\/product_brand?post=7060"},{"taxonomy":"product_cat","embeddable":true,"href":"https:\/\/vud-design.com\/it\/wp-json\/wp\/v2\/product_cat?post=7060"},{"taxonomy":"product_tag","embeddable":true,"href":"https:\/\/vud-design.com\/it\/wp-json\/wp\/v2\/product_tag?post=7060"}],"curies":[{"name":"wp","href":"https:\/\/api.w.org\/{rel}","templated":true}]}}