{"id":7065,"date":"2023-05-03T11:51:58","date_gmt":"2023-05-03T09:51:58","guid":{"rendered":"https:\/\/vud-design.com\/?post_type=product&#038;p=7065"},"modified":"2023-11-18T17:16:49","modified_gmt":"2023-11-18T16:16:49","slug":"tavolo-t2","status":"publish","type":"product","link":"https:\/\/vud-design.com\/it\/shop\/vud\/tavoli\/tavolo-t2\/","title":{"rendered":"Tavolo T2"},"content":{"rendered":"<p>T2 \u00e8 composto da: legno massiccio, incastri, colla, vernice e cura (+ un buco, ovviamente!) Le dimensioni che proponiamo sono pensate per essere comode per <strong>6 fino a 12 ospiti<\/strong>, ma T2 \u00e8 completamente personalizzabile, come tutti i nostri tavoli!<\/p>\n<p>Nelle immagini: <strong>misure personalizzate<\/strong> &#8211; rovere e frassino<\/p>\n<p>Per tutti i nostri tavoli abbiamo due tipi di finitura: vernice all&#8217;acqua o olio.<br \/>\nEntrambe hanno un aspetto opaco, la differenza sta nella manutenzione. Anche se \u00e8 sempre meglio evitare il ristagno di liquidi sulla superficie, la vernice ad acqua chiude i pori, cos\u00ec non dovrai preoccuparti delle macchie. La finitura pi\u00f9 naturale, che esalta la bellezza del legno massello, \u00e8 quella ad olio. Dovrai per\u00f2 avere cura di applicare olio o cera al tuo tavolo di tanto in tanto.<\/p>\n","protected":false},"excerpt":{"rendered":"<p>Sicuramente il nostro best seller.<br \/>\nGli incastri giapponesi e la semplicit\u00e0 nordica fanno di T2 un tavolo che si adatta a qualsiasi ambiente, dalla cucina all&#8217;ufficio, dalla sala da pranzo alla sala riunioni.<br \/>\nSi pu\u00f2 apprezzare il vero spessore del legno (circa 45 mm) sul lato corto. Quello lungo \u00e8 affusolato per sembrare un foglio sottile. Le gambe sono incastrate a coda di rondine alle estremit\u00e0 del piano, per cui lo spazio tra di loro \u00e8 completamente utilizzabile: basta far scorrere le sedie un po&#8217; pi\u00f9 vicine tra loro per accogliere due ospiti in pi\u00f9!<\/p>\n","protected":false},"featured_media":7355,"template":"","meta":{"_acf_changed":false},"product_brand":[],"product_cat":[2205,358],"product_tag":[],"class_list":{"0":"post-7065","1":"product","2":"type-product","3":"status-publish","4":"has-post-thumbnail","6":"product_cat-tavoli","7":"product_cat-vud","8":"product_shipping_class-tavoli-it","10":"first","11":"instock","12":"taxable","13":"shipping-taxable","14":"purchasable","15":"product-type-variable","16":"rtwpvg-product","17":"rtwpvs-product"},"acf":[],"_links":{"self":[{"href":"https:\/\/vud-design.com\/it\/wp-json\/wp\/v2\/product\/7065","targetHints":{"allow":["GET"]}}],"collection":[{"href":"https:\/\/vud-design.com\/it\/wp-json\/wp\/v2\/product"}],"about":[{"href":"https:\/\/vud-design.com\/it\/wp-json\/wp\/v2\/types\/product"}],"wp:featuredmedia":[{"embeddable":true,"href":"https:\/\/vud-design.com\/it\/wp-json\/wp\/v2\/media\/7355"}],"wp:attachment":[{"href":"https:\/\/vud-design.com\/it\/wp-json\/wp\/v2\/media?parent=7065"}],"wp:term":[{"taxonomy":"product_brand","embeddable":true,"href":"https:\/\/vud-design.com\/it\/wp-json\/wp\/v2\/product_brand?post=7065"},{"taxonomy":"product_cat","embeddable":true,"href":"https:\/\/vud-design.com\/it\/wp-json\/wp\/v2\/product_cat?post=7065"},{"taxonomy":"product_tag","embeddable":true,"href":"https:\/\/vud-design.com\/it\/wp-json\/wp\/v2\/product_tag?post=7065"}],"curies":[{"name":"wp","href":"https:\/\/api.w.org\/{rel}","templated":true}]}}