{"id":7067,"date":"2023-05-03T12:40:25","date_gmt":"2023-05-03T10:40:25","guid":{"rendered":"https:\/\/vud-design.com\/?post_type=product&#038;p=7067"},"modified":"2023-11-18T17:00:50","modified_gmt":"2023-11-18T16:00:50","slug":"tavolo-t3","status":"publish","type":"product","link":"https:\/\/vud-design.com\/it\/shop\/vud\/tavoli\/tavolo-t3\/","title":{"rendered":"Tavolo T3"},"content":{"rendered":"<p>Il T3 \u00e8 fatto di: legno massello, incastri, colla, finitura e cura (+ un buco, ovviamente!) Le misure che proponiamo sono comode per tavoli <strong>da 6 a 10 persone<\/strong>, ma sono anche personalizzabili, come tutti i nostri prodotti.<\/p>\n<p>In the pictures: <strong>custom measures<\/strong> &#8211; walnut<\/p>\n<p>Per tutti i nostri tavoli abbiamo due tipi di finitura: vernice all&#8217;acqua o olio.<br \/>\nEntrambe hanno un aspetto opaco, la differenza sta nella manutenzione. Anche se \u00e8 sempre meglio evitare il ristagno di liquidi sulla superficie, la vernice ad acqua chiude i pori, cos\u00ec non dovrai preoccuparti delle macchie. La finitura pi\u00f9 naturale, che esalta la bellezza del legno massello, \u00e8 quella ad olio. Dovrai per\u00f2 avere cura di applicare olio o cera al tuo tavolo di tanto in tanto.<\/p>\n","protected":false},"excerpt":{"rendered":"<p>Avevamo delle meravigliose tavole in noce nazionale, con i bordi sinuosi e la corteccia nera e liscia. Un peccato squadrarle! Cos\u00ec \u00e8 nato il progetto del T3, che lascia liberi i bordi, tranne che nelle piccole inserzioni delle gambe sul piano.<br \/>\nGli incastri in questo caso sono a trapezio e sul lato lungo. Ogni pezzo \u00e8 veramente unico, come ogni albero ha la sua caratteristica peculiare.<\/p>\n","protected":false},"featured_media":7349,"template":"","meta":{"_acf_changed":false},"product_brand":[],"product_cat":[2205,358],"product_tag":[],"class_list":{"0":"post-7067","1":"product","2":"type-product","3":"status-publish","4":"has-post-thumbnail","6":"product_cat-tavoli","7":"product_cat-vud","8":"product_shipping_class-tavoli-it","10":"first","11":"instock","12":"taxable","13":"shipping-taxable","14":"purchasable","15":"product-type-variable","16":"rtwpvg-product","17":"rtwpvs-product"},"acf":[],"_links":{"self":[{"href":"https:\/\/vud-design.com\/it\/wp-json\/wp\/v2\/product\/7067","targetHints":{"allow":["GET"]}}],"collection":[{"href":"https:\/\/vud-design.com\/it\/wp-json\/wp\/v2\/product"}],"about":[{"href":"https:\/\/vud-design.com\/it\/wp-json\/wp\/v2\/types\/product"}],"wp:featuredmedia":[{"embeddable":true,"href":"https:\/\/vud-design.com\/it\/wp-json\/wp\/v2\/media\/7349"}],"wp:attachment":[{"href":"https:\/\/vud-design.com\/it\/wp-json\/wp\/v2\/media?parent=7067"}],"wp:term":[{"taxonomy":"product_brand","embeddable":true,"href":"https:\/\/vud-design.com\/it\/wp-json\/wp\/v2\/product_brand?post=7067"},{"taxonomy":"product_cat","embeddable":true,"href":"https:\/\/vud-design.com\/it\/wp-json\/wp\/v2\/product_cat?post=7067"},{"taxonomy":"product_tag","embeddable":true,"href":"https:\/\/vud-design.com\/it\/wp-json\/wp\/v2\/product_tag?post=7067"}],"curies":[{"name":"wp","href":"https:\/\/api.w.org\/{rel}","templated":true}]}}