{"id":7240,"date":"2023-03-29T16:39:57","date_gmt":"2023-03-29T14:39:57","guid":{"rendered":"https:\/\/vud-design.com\/?post_type=product&#038;p=7240"},"modified":"2023-03-29T18:07:48","modified_gmt":"2023-03-29T16:07:48","slug":"traditional-tsuchiyu-kokeshi-30-cm","status":"publish","type":"product","link":"https:\/\/vud-design.com\/it\/shop\/vud-loves\/kokeshi\/traditional-tsuchiyu-kokeshi-30-cm\/","title":{"rendered":"Kokeshi traditionale Tsuchiyu &#8211; 30 cm"},"content":{"rendered":"<p><strong>Dimensioni<\/strong>: \u2205 7,5 cm, h 30 cm<\/p>\n<p><strong>Legno:<\/strong> acero<\/p>\n","protected":false},"excerpt":{"rendered":"<p>I kokeshi della scuola Tsuchiyu sono riconoscibili dalla testa, relativamente piccola, che presenta sulla cima cerchi neri, con il centro lasciato aperto, definiti <em>janome<\/em> &#8220;occhio di serpente&#8221;. Il corpo \u00e8 sottile ed \u00e8 generalmente decorato con strisce create con il tornio e ottenute anche invertendo la rotazione dello strumento.<br \/>\nQuello che adoriamo in questa particolare bambola, oltre alla delicatezza dei lineamenti, \u00e8 la finezza della sua frangia. Ma c&#8217;\u00e8 di pi\u00f9: sul fondo, oltre alla firma del maestro, si trova la data di nascita della bambola, 18\/01\/1947, questo la rende veramente rara e speciale.<\/p>\n<p>&nbsp;<\/p>\n","protected":false},"featured_media":7234,"template":"","meta":{"_acf_changed":false},"product_brand":[],"product_cat":[2202],"product_tag":[],"class_list":{"0":"post-7240","1":"product","2":"type-product","3":"status-publish","4":"has-post-thumbnail","6":"product_cat-kokeshi","8":"first","9":"outofstock","10":"taxable","11":"shipping-taxable","12":"purchasable","13":"product-type-simple"},"acf":[],"_links":{"self":[{"href":"https:\/\/vud-design.com\/it\/wp-json\/wp\/v2\/product\/7240","targetHints":{"allow":["GET"]}}],"collection":[{"href":"https:\/\/vud-design.com\/it\/wp-json\/wp\/v2\/product"}],"about":[{"href":"https:\/\/vud-design.com\/it\/wp-json\/wp\/v2\/types\/product"}],"wp:featuredmedia":[{"embeddable":true,"href":"https:\/\/vud-design.com\/it\/wp-json\/wp\/v2\/media\/7234"}],"wp:attachment":[{"href":"https:\/\/vud-design.com\/it\/wp-json\/wp\/v2\/media?parent=7240"}],"wp:term":[{"taxonomy":"product_brand","embeddable":true,"href":"https:\/\/vud-design.com\/it\/wp-json\/wp\/v2\/product_brand?post=7240"},{"taxonomy":"product_cat","embeddable":true,"href":"https:\/\/vud-design.com\/it\/wp-json\/wp\/v2\/product_cat?post=7240"},{"taxonomy":"product_tag","embeddable":true,"href":"https:\/\/vud-design.com\/it\/wp-json\/wp\/v2\/product_tag?post=7240"}],"curies":[{"name":"wp","href":"https:\/\/api.w.org\/{rel}","templated":true}]}}