{"id":7737,"date":"2023-05-27T17:00:55","date_gmt":"2023-05-27T15:00:55","guid":{"rendered":"https:\/\/vud-design.com\/?post_type=product&#038;p=7737"},"modified":"2023-05-27T17:21:19","modified_gmt":"2023-05-27T15:21:19","slug":"kokeshi-tradizionale-stile-naruko-30-cm","status":"publish","type":"product","link":"https:\/\/vud-design.com\/it\/shop\/vud-loves\/kokeshi\/kokeshi-tradizionale-stile-naruko-30-cm\/","title":{"rendered":"Kokeshi tradizionale stile Naruko &#8211; 30 cm"},"content":{"rendered":"<p><strong>Dimensioni:<\/strong> \u2205 8,5 cm, h 30 cm<\/p>\n<p><strong>Legno:<\/strong> acero<\/p>\n","protected":false},"excerpt":{"rendered":"<p>Identificare le Kokeshi pu\u00f2 essere difficile, ma partiamo dalle basi! Il Naruko \u00e8 lo stile pi\u00f9 riconosciuto per le kokeshi ed ha molta influenza sugli altri tipi. Si distingue per il corpo dritto, che si restringe leggermente in vita, con dipinti di crisantemo, iris o peonia. I capelli sono legati con nastri rossi, le spalle sono decorate con linee al tornio. Hanno naso da gatto, palpebra singola e labbra rosse.<\/p>\n<p>Questa bambola ha avuto una vita difficle prima di arrivare da vud. Infatti noterete delle macchie chiare sul retro e qualche ammaccutura dietro la testa. Ma questo la rende anora pi\u00f9 affascinante, no?<\/p>\n","protected":false},"featured_media":7734,"template":"","meta":{"_acf_changed":false},"product_brand":[],"product_cat":[2202,1869],"product_tag":[],"class_list":{"0":"post-7737","1":"product","2":"type-product","3":"status-publish","4":"has-post-thumbnail","6":"product_cat-kokeshi","7":"product_cat-vud-loves","9":"first","10":"outofstock","11":"taxable","12":"shipping-taxable","13":"purchasable","14":"product-type-simple"},"acf":[],"_links":{"self":[{"href":"https:\/\/vud-design.com\/it\/wp-json\/wp\/v2\/product\/7737","targetHints":{"allow":["GET"]}}],"collection":[{"href":"https:\/\/vud-design.com\/it\/wp-json\/wp\/v2\/product"}],"about":[{"href":"https:\/\/vud-design.com\/it\/wp-json\/wp\/v2\/types\/product"}],"wp:featuredmedia":[{"embeddable":true,"href":"https:\/\/vud-design.com\/it\/wp-json\/wp\/v2\/media\/7734"}],"wp:attachment":[{"href":"https:\/\/vud-design.com\/it\/wp-json\/wp\/v2\/media?parent=7737"}],"wp:term":[{"taxonomy":"product_brand","embeddable":true,"href":"https:\/\/vud-design.com\/it\/wp-json\/wp\/v2\/product_brand?post=7737"},{"taxonomy":"product_cat","embeddable":true,"href":"https:\/\/vud-design.com\/it\/wp-json\/wp\/v2\/product_cat?post=7737"},{"taxonomy":"product_tag","embeddable":true,"href":"https:\/\/vud-design.com\/it\/wp-json\/wp\/v2\/product_tag?post=7737"}],"curies":[{"name":"wp","href":"https:\/\/api.w.org\/{rel}","templated":true}]}}