{"id":7739,"date":"2023-05-27T17:21:53","date_gmt":"2023-05-27T15:21:53","guid":{"rendered":"https:\/\/vud-design.com\/?post_type=product&#038;p=7739"},"modified":"2023-05-27T17:59:43","modified_gmt":"2023-05-27T15:59:43","slug":"kokeshi-tradizionale-togatta-37-cm","status":"publish","type":"product","link":"https:\/\/vud-design.com\/it\/shop\/vud-loves\/kokeshi\/kokeshi-tradizionale-togatta-37-cm\/","title":{"rendered":"Kokeshi tradizionale T\u014dgatta &#8211; 37 cm"},"content":{"rendered":"<p><strong>Misure:<\/strong> \u2205 10 cm, h 37 cm<\/p>\n<p><strong>Legno:<\/strong> acero<\/p>\n","protected":false},"excerpt":{"rendered":"<p>La scuola T\u014dgatta \u00e8 una delle pi\u00f9 antiche, forse anche pi\u00f9 della Naruko. La testa \u00e8 grande, con motivi rossi a raggiera (<em>tegara<\/em>) che pare siano basati sulle decorazioni dei capelli delle bambole geisha di Kyoto. La frangetta \u00e8 divisa in tue. Un&#8217; altra carratteristica sono gli occhi a forma di luna crescente. Sul torso, decorazioni per lo pi\u00f9 a rami di susino o crisantemi sovrapposti.<\/p>\n<p>Questa in particolare ha una decorazione floreale anche sul retro.<\/p>\n","protected":false},"featured_media":7726,"template":"","meta":{"_acf_changed":false},"product_brand":[],"product_cat":[2202,1869],"product_tag":[],"class_list":{"0":"post-7739","1":"product","2":"type-product","3":"status-publish","4":"has-post-thumbnail","6":"product_cat-kokeshi","7":"product_cat-vud-loves","9":"first","10":"outofstock","11":"taxable","12":"shipping-taxable","13":"purchasable","14":"product-type-simple"},"acf":[],"_links":{"self":[{"href":"https:\/\/vud-design.com\/it\/wp-json\/wp\/v2\/product\/7739","targetHints":{"allow":["GET"]}}],"collection":[{"href":"https:\/\/vud-design.com\/it\/wp-json\/wp\/v2\/product"}],"about":[{"href":"https:\/\/vud-design.com\/it\/wp-json\/wp\/v2\/types\/product"}],"wp:featuredmedia":[{"embeddable":true,"href":"https:\/\/vud-design.com\/it\/wp-json\/wp\/v2\/media\/7726"}],"wp:attachment":[{"href":"https:\/\/vud-design.com\/it\/wp-json\/wp\/v2\/media?parent=7739"}],"wp:term":[{"taxonomy":"product_brand","embeddable":true,"href":"https:\/\/vud-design.com\/it\/wp-json\/wp\/v2\/product_brand?post=7739"},{"taxonomy":"product_cat","embeddable":true,"href":"https:\/\/vud-design.com\/it\/wp-json\/wp\/v2\/product_cat?post=7739"},{"taxonomy":"product_tag","embeddable":true,"href":"https:\/\/vud-design.com\/it\/wp-json\/wp\/v2\/product_tag?post=7739"}],"curies":[{"name":"wp","href":"https:\/\/api.w.org\/{rel}","templated":true}]}}