{"id":7794,"date":"2023-06-17T18:53:41","date_gmt":"2023-06-17T16:53:41","guid":{"rendered":"https:\/\/vud-design.com\/?post_type=product&#038;p=7794"},"modified":"2023-10-13T18:44:45","modified_gmt":"2023-10-13T16:44:45","slug":"kokeshi-tradizionale-stile-naruko-30-cm-2","status":"publish","type":"product","link":"https:\/\/vud-design.com\/it\/shop\/vud-loves\/kokeshi\/kokeshi-tradizionale-stile-naruko-30-cm-2\/","title":{"rendered":"Kokeshi tradizionale stile Naruko &#8211; 30 cm"},"content":{"rendered":"<p><strong>Dimensioni:<\/strong> \u2205 8,5 cm, h 30 cm<\/p>\n<p><strong>Legno:<\/strong> acero<\/p>\n","protected":false},"excerpt":{"rendered":"<p>Identificare le Kokeshi pu\u00f2 essere difficile, ma partiamo dalle basi! Il Naruko \u00e8 lo stile pi\u00f9 riconosciuto per le kokeshi ed ha molta influenza sugli altri tipi. Si distingue per il corpo dritto, che si restringe leggermente in vita, con dipinti di crisantemo, iris o peonia. I capelli sono legati con nastri rossi, le spalle sono decorate con linee al tornio.<\/p>\n<p>Questa \u00e8 una Naruko un po&#8217; particolare, perch\u00e9 normalmente hanno una sola palpebra. Questa kokeshi \u00e8 del maestro Takahashi Morio, fratello maggiore di Yusa Fukuju, ma <a href=\"https:\/\/vud-design.com\/it\/2023\/10\/una-kokeshi-particolare\/\" target=\"_blank\" rel=\"noopener\">questa \u00e8 un&#8217;altra storia&#8230;<\/a><\/p>\n","protected":false},"featured_media":7788,"template":"","meta":{"_acf_changed":false},"product_brand":[],"product_cat":[2202,1869],"product_tag":[],"class_list":{"0":"post-7794","1":"product","2":"type-product","3":"status-publish","4":"has-post-thumbnail","6":"product_cat-kokeshi","7":"product_cat-vud-loves","9":"first","10":"outofstock","11":"taxable","12":"shipping-taxable","13":"purchasable","14":"product-type-simple"},"acf":[],"_links":{"self":[{"href":"https:\/\/vud-design.com\/it\/wp-json\/wp\/v2\/product\/7794","targetHints":{"allow":["GET"]}}],"collection":[{"href":"https:\/\/vud-design.com\/it\/wp-json\/wp\/v2\/product"}],"about":[{"href":"https:\/\/vud-design.com\/it\/wp-json\/wp\/v2\/types\/product"}],"wp:featuredmedia":[{"embeddable":true,"href":"https:\/\/vud-design.com\/it\/wp-json\/wp\/v2\/media\/7788"}],"wp:attachment":[{"href":"https:\/\/vud-design.com\/it\/wp-json\/wp\/v2\/media?parent=7794"}],"wp:term":[{"taxonomy":"product_brand","embeddable":true,"href":"https:\/\/vud-design.com\/it\/wp-json\/wp\/v2\/product_brand?post=7794"},{"taxonomy":"product_cat","embeddable":true,"href":"https:\/\/vud-design.com\/it\/wp-json\/wp\/v2\/product_cat?post=7794"},{"taxonomy":"product_tag","embeddable":true,"href":"https:\/\/vud-design.com\/it\/wp-json\/wp\/v2\/product_tag?post=7794"}],"curies":[{"name":"wp","href":"https:\/\/api.w.org\/{rel}","templated":true}]}}