{"id":7819,"date":"2023-06-21T11:02:26","date_gmt":"2023-06-21T09:02:26","guid":{"rendered":"https:\/\/vud-design.com\/?post_type=product&#038;p=7819"},"modified":"2025-04-22T12:21:16","modified_gmt":"2025-04-22T10:21:16","slug":"cera-per-taglieri-walrus-oil","status":"publish","type":"product","link":"https:\/\/vud-design.com\/it\/shop\/cura-del-legno\/cera-per-taglieri-walrus-oil\/","title":{"rendered":"Cera per taglieri &#8211; Walrus oil"},"content":{"rendered":"<p><strong>Quantit\u00e0:<\/strong> 86,2 g (3 oz)<\/p>\n<p><strong>Ingredienti:<\/strong> cera d&#8217;api, olio di cocco, olio di vaselina, vitamina E<\/p>\n","protected":false},"excerpt":{"rendered":"<p>Questa cera per legno \u00e8 molto densa, ma facilissima da applicare e ne basta veramente poca. Realizzato a mano con cera d&#8217;api, olio di cocco, olio di vaselina e vitamina E.. La cera per legno aggiunger\u00e0 una protezione extra da acqua e umidit\u00e0, tirando fuori colore e lucentezza del legno pi\u00f9 vivido. Pu\u00f2 essere utilizzata come prodotto autonomo o dopo aver applicato uno strato del nostro olio per taglieri. Basta applicare un sottile strato di cera, asciugare per 15 minuti, quindi lucidare con uno straccio.<\/p>\n","protected":false},"featured_media":7808,"template":"","meta":{"_acf_changed":false},"product_brand":[],"product_cat":[2271],"product_tag":[],"class_list":{"0":"post-7819","1":"product","2":"type-product","3":"status-publish","4":"has-post-thumbnail","6":"product_cat-cura-del-legno","8":"first","9":"outofstock","10":"taxable","11":"shipping-taxable","12":"purchasable","13":"product-type-simple"},"acf":[],"_links":{"self":[{"href":"https:\/\/vud-design.com\/it\/wp-json\/wp\/v2\/product\/7819","targetHints":{"allow":["GET"]}}],"collection":[{"href":"https:\/\/vud-design.com\/it\/wp-json\/wp\/v2\/product"}],"about":[{"href":"https:\/\/vud-design.com\/it\/wp-json\/wp\/v2\/types\/product"}],"wp:featuredmedia":[{"embeddable":true,"href":"https:\/\/vud-design.com\/it\/wp-json\/wp\/v2\/media\/7808"}],"wp:attachment":[{"href":"https:\/\/vud-design.com\/it\/wp-json\/wp\/v2\/media?parent=7819"}],"wp:term":[{"taxonomy":"product_brand","embeddable":true,"href":"https:\/\/vud-design.com\/it\/wp-json\/wp\/v2\/product_brand?post=7819"},{"taxonomy":"product_cat","embeddable":true,"href":"https:\/\/vud-design.com\/it\/wp-json\/wp\/v2\/product_cat?post=7819"},{"taxonomy":"product_tag","embeddable":true,"href":"https:\/\/vud-design.com\/it\/wp-json\/wp\/v2\/product_tag?post=7819"}],"curies":[{"name":"wp","href":"https:\/\/api.w.org\/{rel}","templated":true}]}}