{"id":8402,"date":"2023-11-22T18:54:46","date_gmt":"2023-11-22T17:54:46","guid":{"rendered":"https:\/\/vud-design.com\/?post_type=product&#038;p=8402"},"modified":"2023-11-22T19:13:18","modified_gmt":"2023-11-22T18:13:18","slug":"famiglia-di-kokeshi-tradizionali-stile-sakunami-set-di-5","status":"publish","type":"product","link":"https:\/\/vud-design.com\/it\/shop\/vud-loves\/kokeshi\/famiglia-di-kokeshi-tradizionali-stile-sakunami-set-di-5\/","title":{"rendered":"Famiglia di Kokeshi tradizionali stile Sakunami &#8211; set di 5"},"content":{"rendered":"<p><strong>Misure:<\/strong> \u2205 da 1,8 a 3,8 cm; h da 6 a 13 cm<\/p>\n<p><strong>Legno:<\/strong> acero<\/p>\n<p>&nbsp;<\/p>\n","protected":false},"excerpt":{"rendered":"<p>Questa famiglia di Kokeshi \u00e8 troppo carina. Anche la pi\u00f9 piccola \u00e8 decorata in modo veramente magistrale.<br \/>\nAppartengono alla scuola Sakunami, originaria della prefettura di Miyagi.<\/p>\n<p>&nbsp;<\/p>\n","protected":false},"featured_media":8390,"template":"","meta":{"_acf_changed":false},"product_brand":[],"product_cat":[2202],"product_tag":[],"class_list":{"0":"post-8402","1":"product","2":"type-product","3":"status-publish","4":"has-post-thumbnail","6":"product_cat-kokeshi","8":"first","9":"outofstock","10":"taxable","11":"shipping-taxable","12":"purchasable","13":"product-type-simple"},"acf":[],"_links":{"self":[{"href":"https:\/\/vud-design.com\/it\/wp-json\/wp\/v2\/product\/8402","targetHints":{"allow":["GET"]}}],"collection":[{"href":"https:\/\/vud-design.com\/it\/wp-json\/wp\/v2\/product"}],"about":[{"href":"https:\/\/vud-design.com\/it\/wp-json\/wp\/v2\/types\/product"}],"wp:featuredmedia":[{"embeddable":true,"href":"https:\/\/vud-design.com\/it\/wp-json\/wp\/v2\/media\/8390"}],"wp:attachment":[{"href":"https:\/\/vud-design.com\/it\/wp-json\/wp\/v2\/media?parent=8402"}],"wp:term":[{"taxonomy":"product_brand","embeddable":true,"href":"https:\/\/vud-design.com\/it\/wp-json\/wp\/v2\/product_brand?post=8402"},{"taxonomy":"product_cat","embeddable":true,"href":"https:\/\/vud-design.com\/it\/wp-json\/wp\/v2\/product_cat?post=8402"},{"taxonomy":"product_tag","embeddable":true,"href":"https:\/\/vud-design.com\/it\/wp-json\/wp\/v2\/product_tag?post=8402"}],"curies":[{"name":"wp","href":"https:\/\/api.w.org\/{rel}","templated":true}]}}