{"id":8827,"date":"2024-05-22T16:30:51","date_gmt":"2024-05-22T14:30:51","guid":{"rendered":"https:\/\/vud-design.com\/?post_type=product&#038;p=8827"},"modified":"2024-10-06T19:10:32","modified_gmt":"2024-10-06T17:10:32","slug":"olio-per-mobili-danish-oil-walrus-oil","status":"publish","type":"product","link":"https:\/\/vud-design.com\/it\/shop\/cura-del-legno\/olio-per-mobili-danish-oil-walrus-oil\/","title":{"rendered":"Olio per mobili, Danish Oil &#8211; Walrus Oil\u00ae"},"content":{"rendered":"<p><strong>Quantit\u00e0:<\/strong> 226,8 g (8 oz)<\/p>\n<p><strong>Ingredienti:<\/strong> Olio di tung, olio di lino, olio di cartamo<\/p>\n<p><strong>Apply instructions:<\/strong> <a title=\"Applicare l&#039;olio per mobili\" href=\"https:\/\/www.youtube.com\/watch?v=mYai-hESBhY\" target=\"_blank\" rel=\"noopener\">on Youtube<\/a><\/p>\n<p>&nbsp;<\/p>\n","protected":false},"excerpt":{"rendered":"<p>Walrus Oil\u00ae Furniture Finish \u00e8 un olio indurente a base di olio di tung, olio di lino polimerizzante e olio di cartamo. Ideale per sedie in legno, armadi, cornici e altri progetti di lavorazione del legno. Una finitura impregnante a base di olio che penetra in profondit\u00e0 nei legni duri, esaltando i colori e le tonalit\u00e0 naturali del legno e bloccandoli in modo permanente. Furniture Finish \u00e8 a rapida essiccazione, aderisce fortemente alle superfici in legno e polimerizza fino a ottenere una finitura opaca naturale. Realizzato con zero coloranti o essiccanti aggiunti, Furniture Finish \u00e8 completamente naturale, vegano e sicuro al 100% per il contatto con gli alimenti.<\/p>\n<p>&nbsp;<\/p>\n<p>&nbsp;<\/p>\n","protected":false},"featured_media":8826,"template":"","meta":{"_acf_changed":false},"product_brand":[],"product_cat":[2271],"product_tag":[],"class_list":{"0":"post-8827","1":"product","2":"type-product","3":"status-publish","4":"has-post-thumbnail","6":"product_cat-cura-del-legno","8":"first","9":"outofstock","10":"taxable","11":"shipping-taxable","12":"purchasable","13":"product-type-simple"},"acf":[],"_links":{"self":[{"href":"https:\/\/vud-design.com\/it\/wp-json\/wp\/v2\/product\/8827","targetHints":{"allow":["GET"]}}],"collection":[{"href":"https:\/\/vud-design.com\/it\/wp-json\/wp\/v2\/product"}],"about":[{"href":"https:\/\/vud-design.com\/it\/wp-json\/wp\/v2\/types\/product"}],"wp:featuredmedia":[{"embeddable":true,"href":"https:\/\/vud-design.com\/it\/wp-json\/wp\/v2\/media\/8826"}],"wp:attachment":[{"href":"https:\/\/vud-design.com\/it\/wp-json\/wp\/v2\/media?parent=8827"}],"wp:term":[{"taxonomy":"product_brand","embeddable":true,"href":"https:\/\/vud-design.com\/it\/wp-json\/wp\/v2\/product_brand?post=8827"},{"taxonomy":"product_cat","embeddable":true,"href":"https:\/\/vud-design.com\/it\/wp-json\/wp\/v2\/product_cat?post=8827"},{"taxonomy":"product_tag","embeddable":true,"href":"https:\/\/vud-design.com\/it\/wp-json\/wp\/v2\/product_tag?post=8827"}],"curies":[{"name":"wp","href":"https:\/\/api.w.org\/{rel}","templated":true}]}}