{"id":8842,"date":"2024-06-05T16:19:50","date_gmt":"2024-06-05T14:19:50","guid":{"rendered":"https:\/\/vud-design.com\/?post_type=product&#038;p=8842"},"modified":"2024-06-05T16:24:39","modified_gmt":"2024-06-05T14:24:39","slug":"vintage-sosaku-kokeshi-di-watanabe-masao","status":"publish","type":"product","link":"https:\/\/vud-design.com\/it\/shop\/vud-loves\/kokeshi\/vintage-sosaku-kokeshi-di-watanabe-masao\/","title":{"rendered":"Vintage sosaku Kokeshi di Watanabe Masao"},"content":{"rendered":"<p><strong>Misure:<\/strong> \u2205 11 cm, h 30 cm<\/p>\n<p><strong>Legno:<\/strong> acero<\/p>\n","protected":false},"excerpt":{"rendered":"<p>Questa kokeshi \u00e8 della serie &#8220;Bambina bocciolo di ciliegio&#8221; del famoso maestro Watanabe Masao.<br \/>\nUn vero must have per ogni buon collezionista, perch\u00e9 Watanabe san (1917-2007) \u00e8 stato un artigiano insignito dei pi\u00f9 importanti riconoscimenti.<br \/>\nAccusa qualche segno del tempo, risale alla met\u00e0 degli anni 60, ma nel complesso \u00e8 assolutamente integra. Avete notato come sono stati contenti i &#8220;fab 4&#8221; di riceverne una ciascuno?<\/p>\n","protected":false},"featured_media":8838,"template":"","meta":{"_acf_changed":false},"product_brand":[],"product_cat":[2202],"product_tag":[],"class_list":{"0":"post-8842","1":"product","2":"type-product","3":"status-publish","4":"has-post-thumbnail","6":"product_cat-kokeshi","8":"first","9":"outofstock","10":"taxable","11":"shipping-taxable","12":"purchasable","13":"product-type-simple"},"acf":[],"_links":{"self":[{"href":"https:\/\/vud-design.com\/it\/wp-json\/wp\/v2\/product\/8842","targetHints":{"allow":["GET"]}}],"collection":[{"href":"https:\/\/vud-design.com\/it\/wp-json\/wp\/v2\/product"}],"about":[{"href":"https:\/\/vud-design.com\/it\/wp-json\/wp\/v2\/types\/product"}],"wp:featuredmedia":[{"embeddable":true,"href":"https:\/\/vud-design.com\/it\/wp-json\/wp\/v2\/media\/8838"}],"wp:attachment":[{"href":"https:\/\/vud-design.com\/it\/wp-json\/wp\/v2\/media?parent=8842"}],"wp:term":[{"taxonomy":"product_brand","embeddable":true,"href":"https:\/\/vud-design.com\/it\/wp-json\/wp\/v2\/product_brand?post=8842"},{"taxonomy":"product_cat","embeddable":true,"href":"https:\/\/vud-design.com\/it\/wp-json\/wp\/v2\/product_cat?post=8842"},{"taxonomy":"product_tag","embeddable":true,"href":"https:\/\/vud-design.com\/it\/wp-json\/wp\/v2\/product_tag?post=8842"}],"curies":[{"name":"wp","href":"https:\/\/api.w.org\/{rel}","templated":true}]}}