{"id":8853,"date":"2024-06-13T10:37:10","date_gmt":"2024-06-13T08:37:10","guid":{"rendered":"https:\/\/vud-design.com\/?post_type=product&#038;p=8853"},"modified":"2024-06-13T10:54:21","modified_gmt":"2024-06-13T08:54:21","slug":"vintage-yajiro-kokeshi-di-okuyama-kuraji","status":"publish","type":"product","link":"https:\/\/vud-design.com\/it\/shop\/vud-loves\/kokeshi\/vintage-yajiro-kokeshi-di-okuyama-kuraji\/","title":{"rendered":"Vintage Kokeshi Yajir\u014d di Okuyama Kuraji"},"content":{"rendered":"<p><strong>Misure:<\/strong> \u2205 9,5 cm, h 31 cm<\/p>\n<p><strong>Legno:<\/strong> acero<\/p>\n<p><strong>Cartteristiche speciali:<\/strong> con sonaglio<\/p>\n","protected":false},"excerpt":{"rendered":"<p>Il maestro Okuyama Kuraji (1934-2008) impar\u00f2 l&#8217;arte delle kokeshi dal padre. Ma non inizi\u00f2 subito a lavorare come artigiano. Decise di farlo gi\u00e0 da adulto, verso l&#8217;inizio degli anni 70.<br \/>\nQuesta \u00e8 quindi una delle sue prime bambole, perch\u00e9 come vedete dal fondo, \u00e8 datata periodo Sh\u014dwa 47 3, quindi marzo 1973.<br \/>\nInoltre c&#8217;\u00e8 una particolarit\u00e0 abbastanza rara: la bambola \u00e8 dotata di <strong>sonaglio<\/strong>! Okuyama san ha inserito nella testa della bambola del riso. Suona molto bene!<br \/>\nUna chicca che abbiamo trovato nella nostra bibbia (kokeshiwiki.com): pare che Kuraji fosse un <em><strong>&#8220;bevitore senza rivali&#8221;<\/strong><\/em>.<\/p>\n<p>&nbsp;<\/p>\n","protected":false},"featured_media":8852,"template":"","meta":{"_acf_changed":false},"product_brand":[],"product_cat":[2202],"product_tag":[],"class_list":{"0":"post-8853","1":"product","2":"type-product","3":"status-publish","4":"has-post-thumbnail","6":"product_cat-kokeshi","8":"first","9":"outofstock","10":"taxable","11":"shipping-taxable","12":"purchasable","13":"product-type-simple"},"acf":[],"_links":{"self":[{"href":"https:\/\/vud-design.com\/it\/wp-json\/wp\/v2\/product\/8853","targetHints":{"allow":["GET"]}}],"collection":[{"href":"https:\/\/vud-design.com\/it\/wp-json\/wp\/v2\/product"}],"about":[{"href":"https:\/\/vud-design.com\/it\/wp-json\/wp\/v2\/types\/product"}],"wp:featuredmedia":[{"embeddable":true,"href":"https:\/\/vud-design.com\/it\/wp-json\/wp\/v2\/media\/8852"}],"wp:attachment":[{"href":"https:\/\/vud-design.com\/it\/wp-json\/wp\/v2\/media?parent=8853"}],"wp:term":[{"taxonomy":"product_brand","embeddable":true,"href":"https:\/\/vud-design.com\/it\/wp-json\/wp\/v2\/product_brand?post=8853"},{"taxonomy":"product_cat","embeddable":true,"href":"https:\/\/vud-design.com\/it\/wp-json\/wp\/v2\/product_cat?post=8853"},{"taxonomy":"product_tag","embeddable":true,"href":"https:\/\/vud-design.com\/it\/wp-json\/wp\/v2\/product_tag?post=8853"}],"curies":[{"name":"wp","href":"https:\/\/api.w.org\/{rel}","templated":true}]}}