{"id":8944,"date":"2024-07-11T11:45:43","date_gmt":"2024-07-11T09:45:43","guid":{"rendered":"https:\/\/vud-design.com\/?post_type=product&#038;p=8944"},"modified":"2024-07-15T13:43:45","modified_gmt":"2024-07-15T11:43:45","slug":"grande-kokeshi-tradizionale-togatta-46-cm","status":"publish","type":"product","link":"https:\/\/vud-design.com\/it\/shop\/vud-loves\/kokeshi\/grande-kokeshi-tradizionale-togatta-46-cm\/","title":{"rendered":"Grande kokeshi tradizionale T\u014dgatta \u2013 46 cm"},"content":{"rendered":"<p><strong>Misure:<\/strong> \u2205 13 cm, h 46 cm<\/p>\n<p><strong>Legno:<\/strong> acero<\/p>\n","protected":false},"excerpt":{"rendered":"<p>La scuola T\u014dgatta ar\u00e8 una delle pi\u00f9 antiche, forse anche pi\u00f9 della Naruko. La testa \u00e8 grande, con motivi rossi a raggiera (<em>tegara<\/em>) che pare siano basati sulle decorazioni dei capelli delle bambole geisha di Kyoto. La frangetta \u00e8 divisa in due. Un&#8217; altra carratteristica sono gli occhi a forma di luna crescente. Sul torso, decorazioni per lo pi\u00f9 a rami di susino o crisantemi sovrapposti.<\/p>\n<p>Questa, nonostante la sua stazza, sembra timida, con quelle due guancette rosse&#8230;<\/p>\n","protected":false},"featured_media":8936,"template":"","meta":{"_acf_changed":false},"product_brand":[],"product_cat":[2202],"product_tag":[],"class_list":{"0":"post-8944","1":"product","2":"type-product","3":"status-publish","4":"has-post-thumbnail","6":"product_cat-kokeshi","8":"first","9":"outofstock","10":"taxable","11":"shipping-taxable","12":"purchasable","13":"product-type-simple"},"acf":[],"_links":{"self":[{"href":"https:\/\/vud-design.com\/it\/wp-json\/wp\/v2\/product\/8944","targetHints":{"allow":["GET"]}}],"collection":[{"href":"https:\/\/vud-design.com\/it\/wp-json\/wp\/v2\/product"}],"about":[{"href":"https:\/\/vud-design.com\/it\/wp-json\/wp\/v2\/types\/product"}],"wp:featuredmedia":[{"embeddable":true,"href":"https:\/\/vud-design.com\/it\/wp-json\/wp\/v2\/media\/8936"}],"wp:attachment":[{"href":"https:\/\/vud-design.com\/it\/wp-json\/wp\/v2\/media?parent=8944"}],"wp:term":[{"taxonomy":"product_brand","embeddable":true,"href":"https:\/\/vud-design.com\/it\/wp-json\/wp\/v2\/product_brand?post=8944"},{"taxonomy":"product_cat","embeddable":true,"href":"https:\/\/vud-design.com\/it\/wp-json\/wp\/v2\/product_cat?post=8944"},{"taxonomy":"product_tag","embeddable":true,"href":"https:\/\/vud-design.com\/it\/wp-json\/wp\/v2\/product_tag?post=8944"}],"curies":[{"name":"wp","href":"https:\/\/api.w.org\/{rel}","templated":true}]}}