{"id":8995,"date":"2024-07-16T17:40:05","date_gmt":"2024-07-16T15:40:05","guid":{"rendered":"https:\/\/vud-design.com\/?post_type=product&#038;p=8995"},"modified":"2024-07-16T17:40:37","modified_gmt":"2024-07-16T15:40:37","slug":"kokeshi-vintage-stile-naruko-39-cm","status":"publish","type":"product","link":"https:\/\/vud-design.com\/it\/shop\/vud-loves\/kokeshi\/kokeshi-vintage-stile-naruko-39-cm\/","title":{"rendered":"Kokeshi vintage stile Naruko &#8211; 39 cm"},"content":{"rendered":"<p><strong>Misure:<\/strong> h 39,5 cm, diam 10,5 cm<\/p>\n<p><strong>Legno:<\/strong> acero<\/p>\n","protected":false},"excerpt":{"rendered":"<p>Identificare le Kokeshi pu\u00f2 essere difficile, ma partiamo dalle basi! Il Naruko \u00e8 lo stile pi\u00f9 riconosciuto per le kokeshi ed ha molta influenza sugli altri tipi. Si distingue per il corpo dritto, che si restringe leggermente in vita, con dipinti di crisantemo, iris o peonia. I capelli sono legati con nastri rossi, le spalle sono decorate con linee al tornio. Hanno naso da gatto, palpebra singola e labbra rosse.<\/p>\n","protected":false},"featured_media":8989,"template":"","meta":{"_acf_changed":false},"product_brand":[],"product_cat":[2202],"product_tag":[],"class_list":{"0":"post-8995","1":"product","2":"type-product","3":"status-publish","4":"has-post-thumbnail","6":"product_cat-kokeshi","8":"first","9":"instock","10":"taxable","11":"shipping-taxable","12":"purchasable","13":"product-type-simple"},"acf":[],"_links":{"self":[{"href":"https:\/\/vud-design.com\/it\/wp-json\/wp\/v2\/product\/8995","targetHints":{"allow":["GET"]}}],"collection":[{"href":"https:\/\/vud-design.com\/it\/wp-json\/wp\/v2\/product"}],"about":[{"href":"https:\/\/vud-design.com\/it\/wp-json\/wp\/v2\/types\/product"}],"wp:featuredmedia":[{"embeddable":true,"href":"https:\/\/vud-design.com\/it\/wp-json\/wp\/v2\/media\/8989"}],"wp:attachment":[{"href":"https:\/\/vud-design.com\/it\/wp-json\/wp\/v2\/media?parent=8995"}],"wp:term":[{"taxonomy":"product_brand","embeddable":true,"href":"https:\/\/vud-design.com\/it\/wp-json\/wp\/v2\/product_brand?post=8995"},{"taxonomy":"product_cat","embeddable":true,"href":"https:\/\/vud-design.com\/it\/wp-json\/wp\/v2\/product_cat?post=8995"},{"taxonomy":"product_tag","embeddable":true,"href":"https:\/\/vud-design.com\/it\/wp-json\/wp\/v2\/product_tag?post=8995"}],"curies":[{"name":"wp","href":"https:\/\/api.w.org\/{rel}","templated":true}]}}