{"id":9046,"date":"2024-07-19T17:36:54","date_gmt":"2024-07-19T15:36:54","guid":{"rendered":"https:\/\/vud-design.com\/?post_type=product&#038;p=9046"},"modified":"2024-12-20T12:58:55","modified_gmt":"2024-12-20T11:58:55","slug":"grande-kokeshi-naruko-vintage-41-cm","status":"publish","type":"product","link":"https:\/\/vud-design.com\/it\/shop\/vud-loves\/kokeshi\/grande-kokeshi-naruko-vintage-41-cm\/","title":{"rendered":"Grande kokeshi Naruko vintage &#8211; 41 cm"},"content":{"rendered":"<p><strong>Misure:<\/strong> h 41 cm, diam 11,5 cm<\/p>\n<p><strong>Legno:<\/strong> acero<\/p>\n","protected":false},"excerpt":{"rendered":"<p>Questa bambola ha un&#8217;espressione molto tranquilla. Ma se guardate bene la frangia, qualche capello \u00e8 fuori posto. Sar\u00e0 per questo che ci sta cos\u00ec simpatica? La decorazione a crisantemi \u00e8 ancora molto ben definita nel colore rosso, il verde \u00e8 molto sbiadito, come capita spesso nelle kokeshi vintage. Il corpo \u00e8 tornito molto finemente, presenta anche due scanalature, in alto e in basso. Sato Minoru (1932-2021) ha iniziato il suo lavoro di artigiano nel 1947. Dal &#8217;68 ha avviato il suo laboratorio personale. Sua moglie Mitzuko ha iniziato a dipingere le sue bambole nel &#8217;72. Chiss\u00e0 se questa l&#8217;avr\u00e0 dipinta lei&#8230;<\/p>\n","protected":false},"featured_media":9038,"template":"","meta":{"_acf_changed":false},"product_brand":[],"product_cat":[2202],"product_tag":[],"class_list":{"0":"post-9046","1":"product","2":"type-product","3":"status-publish","4":"has-post-thumbnail","6":"product_cat-kokeshi","8":"first","9":"instock","10":"taxable","11":"shipping-taxable","12":"purchasable","13":"product-type-simple"},"acf":[],"_links":{"self":[{"href":"https:\/\/vud-design.com\/it\/wp-json\/wp\/v2\/product\/9046","targetHints":{"allow":["GET"]}}],"collection":[{"href":"https:\/\/vud-design.com\/it\/wp-json\/wp\/v2\/product"}],"about":[{"href":"https:\/\/vud-design.com\/it\/wp-json\/wp\/v2\/types\/product"}],"wp:featuredmedia":[{"embeddable":true,"href":"https:\/\/vud-design.com\/it\/wp-json\/wp\/v2\/media\/9038"}],"wp:attachment":[{"href":"https:\/\/vud-design.com\/it\/wp-json\/wp\/v2\/media?parent=9046"}],"wp:term":[{"taxonomy":"product_brand","embeddable":true,"href":"https:\/\/vud-design.com\/it\/wp-json\/wp\/v2\/product_brand?post=9046"},{"taxonomy":"product_cat","embeddable":true,"href":"https:\/\/vud-design.com\/it\/wp-json\/wp\/v2\/product_cat?post=9046"},{"taxonomy":"product_tag","embeddable":true,"href":"https:\/\/vud-design.com\/it\/wp-json\/wp\/v2\/product_tag?post=9046"}],"curies":[{"name":"wp","href":"https:\/\/api.w.org\/{rel}","templated":true}]}}