{"id":9048,"date":"2024-07-19T17:41:00","date_gmt":"2024-07-19T15:41:00","guid":{"rendered":"https:\/\/vud-design.com\/?post_type=product&#038;p=9048"},"modified":"2024-07-19T18:01:21","modified_gmt":"2024-07-19T16:01:21","slug":"grande-kokeshi-naruko-vintage-41-cm-copia","status":"publish","type":"product","link":"https:\/\/vud-design.com\/it\/shop\/vud-loves\/kokeshi\/grande-kokeshi-naruko-vintage-41-cm-copia\/","title":{"rendered":"Kokeshi tradizionale Naruko vintage &#8211; 37 cm"},"content":{"rendered":"<p><strong>Misure:<\/strong> h 41 cm, diam 11,5 cm<\/p>\n<p><strong>Legno:<\/strong> acero<\/p>\n","protected":false},"excerpt":{"rendered":"<p>Questa bambola ha un&#8217;espressione molto tranquilla. Ma se guardate bene la frangia, qualche capello \u00e8 fuori posto. Sar\u00e0 per questo che ci sta cos\u00ec simpatica? La decorazione a crisantemi \u00e8 dilavata, inoltre c&#8217;\u00e8 una crepa abbastanza evidente. Ma questo non fa che renderla pi\u00f9 affascinante! Il corpo \u00e8 tornito molto finemente, presenta anche due scanalature, in alto e in basso.<\/p>\n","protected":false},"featured_media":9056,"template":"","meta":{"_acf_changed":false},"product_brand":[],"product_cat":[2202],"product_tag":[],"class_list":{"0":"post-9048","1":"product","2":"type-product","3":"status-publish","4":"has-post-thumbnail","6":"product_cat-kokeshi","8":"first","9":"outofstock","10":"taxable","11":"shipping-taxable","12":"purchasable","13":"product-type-simple"},"acf":[],"_links":{"self":[{"href":"https:\/\/vud-design.com\/it\/wp-json\/wp\/v2\/product\/9048","targetHints":{"allow":["GET"]}}],"collection":[{"href":"https:\/\/vud-design.com\/it\/wp-json\/wp\/v2\/product"}],"about":[{"href":"https:\/\/vud-design.com\/it\/wp-json\/wp\/v2\/types\/product"}],"wp:featuredmedia":[{"embeddable":true,"href":"https:\/\/vud-design.com\/it\/wp-json\/wp\/v2\/media\/9056"}],"wp:attachment":[{"href":"https:\/\/vud-design.com\/it\/wp-json\/wp\/v2\/media?parent=9048"}],"wp:term":[{"taxonomy":"product_brand","embeddable":true,"href":"https:\/\/vud-design.com\/it\/wp-json\/wp\/v2\/product_brand?post=9048"},{"taxonomy":"product_cat","embeddable":true,"href":"https:\/\/vud-design.com\/it\/wp-json\/wp\/v2\/product_cat?post=9048"},{"taxonomy":"product_tag","embeddable":true,"href":"https:\/\/vud-design.com\/it\/wp-json\/wp\/v2\/product_tag?post=9048"}],"curies":[{"name":"wp","href":"https:\/\/api.w.org\/{rel}","templated":true}]}}