{"id":9406,"date":"2024-08-15T09:19:24","date_gmt":"2024-08-15T07:19:24","guid":{"rendered":"https:\/\/vud-design.com\/?post_type=product&#038;p=9406"},"modified":"2024-11-15T10:53:52","modified_gmt":"2024-11-15T09:53:52","slug":"facet-cabinet","status":"publish","type":"product","link":"https:\/\/vud-design.com\/it\/shop\/vud-loves\/hay\/facet-cabinet\/","title":{"rendered":"Facet cabinet"},"content":{"rendered":"<p><strong>Materiale:<\/strong> ABS riciclato<\/p>\n<p><strong> Misure: <\/strong>low 38x38xH49 high 38x38xH66<\/p>\n","protected":false},"excerpt":{"rendered":"<div>\n<p class=\"u-line-height7\">Progettato per HAY dal designer olandese Stefan Scholten, Facet Cabinet \u00e8 una soluzione di stoccaggio versatile e multifunzionale, facile da spostare. Dotato di una porta integrata girevole e di ruote supplementari, Facet \u00e8 progettato per adattarsi all&#8217;ambiente circostante. Realizzato in ABS riciclato post-consumo, Facet Cabinet \u00e8 disponibile in due diverse altezze e in una gamma di colori senza tempo. Grazie alla sua flessibilit\u00e0, Facet pu\u00f2 essere utilizzato in un&#8217;ampia variet\u00e0 di ambienti e contesti: dal comodino in camera da letto al tavolino in salotto, fino all&#8217;organizer per la cancelleria nell&#8217;ufficio di casa.<\/p>\n<\/div>\n","protected":false},"featured_media":9386,"template":"","meta":{"_acf_changed":false},"product_brand":[],"product_cat":[426],"product_tag":[],"class_list":{"0":"post-9406","1":"product","2":"type-product","3":"status-publish","4":"has-post-thumbnail","6":"product_cat-hay","8":"first","9":"instock","10":"taxable","11":"shipping-taxable","12":"purchasable","13":"product-type-variable","14":"has-default-attributes","15":"rtwpvg-product","16":"rtwpvs-product"},"acf":[],"_links":{"self":[{"href":"https:\/\/vud-design.com\/it\/wp-json\/wp\/v2\/product\/9406","targetHints":{"allow":["GET"]}}],"collection":[{"href":"https:\/\/vud-design.com\/it\/wp-json\/wp\/v2\/product"}],"about":[{"href":"https:\/\/vud-design.com\/it\/wp-json\/wp\/v2\/types\/product"}],"wp:featuredmedia":[{"embeddable":true,"href":"https:\/\/vud-design.com\/it\/wp-json\/wp\/v2\/media\/9386"}],"wp:attachment":[{"href":"https:\/\/vud-design.com\/it\/wp-json\/wp\/v2\/media?parent=9406"}],"wp:term":[{"taxonomy":"product_brand","embeddable":true,"href":"https:\/\/vud-design.com\/it\/wp-json\/wp\/v2\/product_brand?post=9406"},{"taxonomy":"product_cat","embeddable":true,"href":"https:\/\/vud-design.com\/it\/wp-json\/wp\/v2\/product_cat?post=9406"},{"taxonomy":"product_tag","embeddable":true,"href":"https:\/\/vud-design.com\/it\/wp-json\/wp\/v2\/product_tag?post=9406"}],"curies":[{"name":"wp","href":"https:\/\/api.w.org\/{rel}","templated":true}]}}